{"id":868,"date":"2022-08-08T00:16:54","date_gmt":"2022-08-08T00:16:54","guid":{"rendered":"https:\/\/envasesyempaqueselixir.com\/?post_type=product&#038;p=868"},"modified":"2026-02-02T17:37:06","modified_gmt":"2026-02-02T17:37:06","slug":"bolsas-doypack-trilaminadas-con-un-lado-transparente-y-base-plana-100-unidades","status":"publish","type":"product","link":"https:\/\/envasesyempaqueselixir.com\/index.php\/producto\/bolsas-doypack-trilaminadas-con-un-lado-transparente-y-base-plana-100-unidades\/","title":{"rendered":"Bolsas doypack trilaminadas con un lado transparente y base plana (100 unidades)"},"content":{"rendered":"<p>Bolsas doypack trilaminadas con un lado transparente y base plana.<\/p>\n<p>Espesor:\u00a0<strong>200 micrones<\/strong><br \/>\nEstructura de la bolsa:<strong>\u00a0PET+VMPET+LDPE<\/strong><br \/>\nCon cierre resellable<br \/>\nMarca abre f\u00e1cil<\/p>\n<table width=\"733\">\n<tbody>\n<tr>\n<td width=\"97\"><b>Tama\u00f1o<\/b><\/td>\n<td width=\"107\"><b>Capacidad (gr) (*)<\/b><\/td>\n<td width=\"96\"><b>Precio por 100 Unidades<\/b><\/td>\n<td width=\"96\"><b>Precio por 500 Unidades<\/b><\/td>\n<td width=\"96\"><b>Precio por 1,000 unidades<\/b><\/td>\n<\/tr>\n<tr>\n<td width=\"97\">10*20+6 cm<\/td>\n<td width=\"107\">100<\/td>\n<td width=\"107\">55<\/td>\n<td width=\"96\">265.00<\/td>\n<td width=\"96\">530.00<\/td>\n<\/tr>\n<tr>\n<td width=\"97\">14*24+8 cm<\/td>\n<td width=\"107\">350<\/td>\n<td width=\"96\">85.00<\/td>\n<td width=\"96\">410.00<\/td>\n<td width=\"96\">820.00<\/td>\n<\/tr>\n<\/tbody>\n<\/table>\n<p>(*) Los pesos se han calculado en base a granos de caf\u00e9 molido.<\/p>\n<p>Precios en soles, incluyen IGV.<\/p>\n<p><strong>Pol\u00edtica de venta de empaques para alimentos:<\/strong>\u00a0Por ser las bolsas un producto para uso en alimentos; y, para garantizar su inocuidad, no hay cambios ni devoluciones en estos productos. Por lo tanto, por favor, aseg\u00farese de que est\u00e1 adquiriendo el producto correcto. Agradecemos su comprensi\u00f3n.<\/p>\n","protected":false},"excerpt":{"rendered":"<p>Haga clic en cada medida\/peso para ver el precio.<\/p>\n<p>(*) Los pesos se han calculado en base a granos de caf\u00e9 molido. Consulte con nosotros.<\/p>\n","protected":false},"featured_media":790,"comment_status":"open","ping_status":"closed","template":"","meta":{"om_disable_all_campaigns":false,"_monsterinsights_skip_tracking":false,"_monsterinsights_sitenote_active":false,"_monsterinsights_sitenote_note":"","_monsterinsights_sitenote_category":0,"_uf_show_specific_survey":0,"_uf_disable_surveys":false},"product_brand":[],"product_cat":[72,70,162,78,229],"product_tag":[],"class_list":{"0":"post-868","1":"product","2":"type-product","3":"status-publish","4":"has-post-thumbnail","6":"product_cat-bolsa-aluminizadas","7":"product_cat-bolsas-con-base-plana","8":"product_cat-bolsas-transparentes","9":"product_cat-envases","10":"product_cat-oulet","12":"first","13":"instock","14":"sale","15":"shipping-taxable","16":"product-type-variable"},"aioseo_notices":[],"_links":{"self":[{"href":"https:\/\/envasesyempaqueselixir.com\/index.php\/wp-json\/wp\/v2\/product\/868","targetHints":{"allow":["GET"]}}],"collection":[{"href":"https:\/\/envasesyempaqueselixir.com\/index.php\/wp-json\/wp\/v2\/product"}],"about":[{"href":"https:\/\/envasesyempaqueselixir.com\/index.php\/wp-json\/wp\/v2\/types\/product"}],"replies":[{"embeddable":true,"href":"https:\/\/envasesyempaqueselixir.com\/index.php\/wp-json\/wp\/v2\/comments?post=868"}],"wp:featuredmedia":[{"embeddable":true,"href":"https:\/\/envasesyempaqueselixir.com\/index.php\/wp-json\/wp\/v2\/media\/790"}],"wp:attachment":[{"href":"https:\/\/envasesyempaqueselixir.com\/index.php\/wp-json\/wp\/v2\/media?parent=868"}],"wp:term":[{"taxonomy":"product_brand","embeddable":true,"href":"https:\/\/envasesyempaqueselixir.com\/index.php\/wp-json\/wp\/v2\/product_brand?post=868"},{"taxonomy":"product_cat","embeddable":true,"href":"https:\/\/envasesyempaqueselixir.com\/index.php\/wp-json\/wp\/v2\/product_cat?post=868"},{"taxonomy":"product_tag","embeddable":true,"href":"https:\/\/envasesyempaqueselixir.com\/index.php\/wp-json\/wp\/v2\/product_tag?post=868"}],"curies":[{"name":"wp","href":"https:\/\/api.w.org\/{rel}","templated":true}]}}