{"id":798,"date":"2022-08-05T22:35:14","date_gmt":"2022-08-05T22:35:14","guid":{"rendered":"https:\/\/envasesyempaqueselixir.com\/?post_type=product&#038;p=798"},"modified":"2026-03-09T16:49:04","modified_gmt":"2026-03-09T16:49:04","slug":"bolsas-kraft-cuadradas-50-unidades","status":"publish","type":"product","link":"https:\/\/envasesyempaqueselixir.com\/index.php\/producto\/bolsas-kraft-cuadradas-50-unidades\/","title":{"rendered":"Bolsas kraft cuadradas  (50 unidades)"},"content":{"rendered":"<p>Bolsas kraft cuadradas<\/p>\n<p>Bolsas de papel kraft natural, ideales para el despacho de sus productos sin uso de bolsas de plastico de un s\u00f3lo uso.<\/p>\n<p style=\"text-align: left;\">Espesor: ver tabla<br \/>\nEstructura de la bolsa: Papel Kraft<\/p>\n<p>&nbsp;<\/p>\n<table style=\"height: 682px;\" width=\"694\">\n<tbody>\n<tr>\n<td width=\"31\"><b>#<\/b><\/td>\n<td width=\"112\"><b>Tama\u00f1o (Ancho x Alto + base)<\/b><\/td>\n<td width=\"78\"><b>Espesor\u00a0 (g) <\/b><\/td>\n<td width=\"75\">\n<p style=\"text-align: center;\"><b>Precio por 50 Unidades<\/b><\/p>\n<\/td>\n<td width=\"82\">\n<p style=\"text-align: center;\"><b>Precio por 100 Unidades<\/b><\/p>\n<\/td>\n<td width=\"81\">\n<p style=\"text-align: center;\"><b>Precio por 1,000 Unidades<\/b><\/p>\n<\/td>\n<\/tr>\n<tr>\n<td width=\"31\">2<\/td>\n<td width=\"112\">10.8 x 20.5 + 7 cm<\/td>\n<td width=\"78\">\n<p style=\"text-align: center;\">50<\/p>\n<\/td>\n<td width=\"75\">\n<p style=\"text-align: right;\">6.00<\/p>\n<\/td>\n<td width=\"82\">\n<p style=\"text-align: right;\">10.00<\/p>\n<\/td>\n<td width=\"81\">\n<p style=\"text-align: right;\">89.00<\/p>\n<\/td>\n<\/tr>\n<tr>\n<td width=\"31\">4<\/td>\n<td width=\"112\">13 x 25 + 7.4 cm<\/td>\n<td width=\"78\">\n<p style=\"text-align: center;\">50<\/p>\n<\/td>\n<td width=\"75\">\n<p style=\"text-align: right;\">7.00<\/p>\n<\/td>\n<td width=\"82\">\n<p style=\"text-align: right;\">13.00<\/p>\n<\/td>\n<td width=\"81\">\n<p style=\"text-align: right;\">114.00<\/p>\n<\/td>\n<\/tr>\n<tr>\n<td width=\"31\">5<\/td>\n<td width=\"112\">15 x 25.5 + 8.3 cm<\/td>\n<td width=\"78\">\n<p style=\"text-align: center;\">50<\/p>\n<\/td>\n<td width=\"75\">\n<p style=\"text-align: right;\">9.00<\/p>\n<\/td>\n<td width=\"82\">\n<p style=\"text-align: right;\">16.00<\/p>\n<\/td>\n<td width=\"81\">\n<p style=\"text-align: right;\">138.00<\/p>\n<\/td>\n<\/tr>\n<tr>\n<td width=\"31\">6<\/td>\n<td width=\"112\">15 x 29 + 8.4 cm<\/td>\n<td width=\"78\">\n<p style=\"text-align: center;\">50<\/p>\n<\/td>\n<td width=\"75\">\n<p style=\"text-align: right;\">10.00<\/p>\n<\/td>\n<td width=\"82\">\n<p style=\"text-align: right;\">17.00<\/p>\n<\/td>\n<td width=\"81\">\n<p style=\"text-align: right;\">151.00<\/p>\n<\/td>\n<\/tr>\n<tr>\n<td width=\"31\">8<\/td>\n<td width=\"112\">16 x 31 + 9.5 cm<\/td>\n<td width=\"78\">\n<p style=\"text-align: center;\">60<\/p>\n<\/td>\n<td width=\"75\">\n<p style=\"text-align: right;\">11.00<\/p>\n<\/td>\n<td width=\"82\">\n<p style=\"text-align: right;\">20.00<\/p>\n<\/td>\n<td width=\"81\">\n<p style=\"text-align: right;\">173.00<\/p>\n<\/td>\n<\/tr>\n<tr>\n<td width=\"31\">10<\/td>\n<td width=\"112\">16.5 x\u00a0 34 + 10 cm<\/td>\n<td width=\"78\">\n<p style=\"text-align: center;\">60<\/p>\n<\/td>\n<td width=\"75\">\n<p style=\"text-align: right;\">12.00<\/p>\n<\/td>\n<td width=\"82\">\n<p style=\"text-align: right;\">22.00<\/p>\n<\/td>\n<td width=\"81\">\n<p style=\"text-align: right;\">194.00<\/p>\n<\/td>\n<\/tr>\n<\/tbody>\n<\/table>\n","protected":false},"excerpt":{"rendered":"<p>Bolsas cuadradas ecol\u00f3gicas para el despacho de sus productos, la opci\u00f3n m\u00e1s econ\u00f3mica para reemplazar a las bolsas de pl\u00e1sticos.<\/p>\n","protected":false},"featured_media":270,"comment_status":"open","ping_status":"closed","template":"","meta":{"om_disable_all_campaigns":false,"_monsterinsights_skip_tracking":false,"_monsterinsights_sitenote_active":false,"_monsterinsights_sitenote_note":"","_monsterinsights_sitenote_category":0,"_uf_show_specific_survey":0,"_uf_disable_surveys":false},"product_brand":[],"product_cat":[73,78],"product_tag":[],"class_list":{"0":"post-798","1":"product","2":"type-product","3":"status-publish","4":"has-post-thumbnail","6":"product_cat-bolsas-kraft-para-despacho","7":"product_cat-envases","9":"first","10":"instock","11":"shipping-taxable","12":"purchasable","13":"product-type-variable"},"aioseo_notices":[],"_links":{"self":[{"href":"https:\/\/envasesyempaqueselixir.com\/index.php\/wp-json\/wp\/v2\/product\/798","targetHints":{"allow":["GET"]}}],"collection":[{"href":"https:\/\/envasesyempaqueselixir.com\/index.php\/wp-json\/wp\/v2\/product"}],"about":[{"href":"https:\/\/envasesyempaqueselixir.com\/index.php\/wp-json\/wp\/v2\/types\/product"}],"replies":[{"embeddable":true,"href":"https:\/\/envasesyempaqueselixir.com\/index.php\/wp-json\/wp\/v2\/comments?post=798"}],"wp:featuredmedia":[{"embeddable":true,"href":"https:\/\/envasesyempaqueselixir.com\/index.php\/wp-json\/wp\/v2\/media\/270"}],"wp:attachment":[{"href":"https:\/\/envasesyempaqueselixir.com\/index.php\/wp-json\/wp\/v2\/media?parent=798"}],"wp:term":[{"taxonomy":"product_brand","embeddable":true,"href":"https:\/\/envasesyempaqueselixir.com\/index.php\/wp-json\/wp\/v2\/product_brand?post=798"},{"taxonomy":"product_cat","embeddable":true,"href":"https:\/\/envasesyempaqueselixir.com\/index.php\/wp-json\/wp\/v2\/product_cat?post=798"},{"taxonomy":"product_tag","embeddable":true,"href":"https:\/\/envasesyempaqueselixir.com\/index.php\/wp-json\/wp\/v2\/product_tag?post=798"}],"curies":[{"name":"wp","href":"https:\/\/api.w.org\/{rel}","templated":true}]}}