{"id":590,"date":"2022-05-30T19:57:24","date_gmt":"2022-05-30T19:57:24","guid":{"rendered":"https:\/\/envasesyempaqueselixir.com\/?post_type=product&#038;p=590"},"modified":"2026-04-24T19:30:58","modified_gmt":"2026-04-24T19:30:58","slug":"bolsas-para-sellado-al-vacio-1000-unidades","status":"publish","type":"product","link":"https:\/\/envasesyempaqueselixir.com\/index.php\/producto\/bolsas-para-sellado-al-vacio-1000-unidades\/","title":{"rendered":"Bolsas para sellado al vac\u00edo gofradas (1,000 unidades)"},"content":{"rendered":"<p><b>Bolsas para envasado al vac\u00edo gofradas<\/b><\/p>\n<ul>\n<li>Espesor: 190 micrones<\/li>\n<li>Estructura de la bolsa: PE + PA (Nylon)<\/li>\n<li>Marca abre f\u00e1cil<\/li>\n<li>Reusable<\/li>\n<\/ul>\n<table style=\"height: 698px;\" width=\"751\">\n<tbody>\n<tr>\n<td width=\"95\">Tama\u00f1o (Ancho x Alto + base)<\/td>\n<td width=\"76\">Capacidad (mL) (*)<\/td>\n<td width=\"64\">Precio por 100 Unidades<\/td>\n<td width=\"64\">\u00a0Precio por 500 unidades<\/td>\n<td width=\"64\">Precio por 1,000 unidades<\/td>\n<\/tr>\n<tr>\n<td width=\"95\">7&#215;10 cm<\/td>\n<td width=\"76\">25<\/td>\n<td width=\"64\">11<\/td>\n<td width=\"64\">\u00a0\u00a0\u00a0\u00a0\u00a0\u00a0\u00a0 49.50<\/td>\n<td width=\"64\">99.00<\/td>\n<\/tr>\n<tr>\n<td width=\"95\">9&#215;13 cm<\/td>\n<td width=\"76\">75<\/td>\n<td width=\"64\">17<\/td>\n<td width=\"64\">\u00a0\u00a0\u00a0\u00a0\u00a0\u00a0\u00a0 75.00<\/td>\n<td width=\"64\">150.00<\/td>\n<\/tr>\n<tr>\n<td width=\"95\">10&#215;15 cm<\/td>\n<td width=\"76\">200<\/td>\n<td width=\"64\">22<\/td>\n<td width=\"64\">\u00a0\u00a0\u00a0\u00a0\u00a0 100.00<\/td>\n<td width=\"64\">200.00<\/td>\n<\/tr>\n<tr>\n<td width=\"95\">12&#215;17 cm<\/td>\n<td width=\"76\">250<\/td>\n<td width=\"64\">28<\/td>\n<td width=\"64\">\u00a0\u00a0\u00a0\u00a0\u00a0 125.00<\/td>\n<td width=\"64\">250.00<\/td>\n<\/tr>\n<tr>\n<td width=\"95\">15&#215;20 cm<\/td>\n<td width=\"76\">500<\/td>\n<td width=\"64\">39<\/td>\n<td width=\"64\">\u00a0\u00a0\u00a0\u00a0\u00a0 175.00<\/td>\n<td width=\"64\">350.00<\/td>\n<\/tr>\n<tr>\n<td width=\"95\">17X25 cm<\/td>\n<td width=\"76\">1000<\/td>\n<td width=\"64\">50<\/td>\n<td width=\"64\">\u00a0\u00a0\u00a0\u00a0\u00a0 225.00<\/td>\n<td width=\"64\">450.00<\/td>\n<\/tr>\n<tr>\n<td width=\"95\">18&#215;26 cm<\/td>\n<td width=\"76\">1100<\/td>\n<td width=\"64\">61<\/td>\n<td width=\"64\">\u00a0\u00a0\u00a0\u00a0\u00a0 275.00<\/td>\n<td width=\"64\">550.00<\/td>\n<\/tr>\n<tr>\n<td width=\"95\">18&#215;28 cm<\/td>\n<td width=\"76\">1100<\/td>\n<td width=\"64\">64<\/td>\n<td width=\"64\">\u00a0\u00a0\u00a0\u00a0\u00a0 290.00<\/td>\n<td width=\"64\">580.00<\/td>\n<\/tr>\n<tr>\n<td width=\"95\">20X30cm<\/td>\n<td width=\"76\">1200<\/td>\n<td width=\"64\">69<\/td>\n<td width=\"64\">\u00a0\u00a0\u00a0\u00a0\u00a0 310.00<\/td>\n<td width=\"64\">620.00<\/td>\n<\/tr>\n<tr>\n<td width=\"95\">22&#215;32 cm<\/td>\n<td width=\"76\">1250<\/td>\n<td width=\"64\">72<\/td>\n<td width=\"64\">\u00a0\u00a0\u00a0\u00a0\u00a0 325.00<\/td>\n<td width=\"64\">650.00<\/td>\n<\/tr>\n<tr>\n<td width=\"95\">25&#215;35 cm<\/td>\n<td width=\"76\">1900<\/td>\n<td width=\"64\">91<\/td>\n<td width=\"64\">\u00a0\u00a0\u00a0\u00a0\u00a0 410.00<\/td>\n<td width=\"64\">820.00<\/td>\n<\/tr>\n<\/tbody>\n<\/table>\n<div dir=\"auto\"><\/div>\n<div dir=\"auto\">Los precios incluyen IGV.<\/div>\n<div dir=\"auto\"><\/div>\n<p><strong>Pol\u00edtica de venta de empaques para alimentos:<\/strong>\u00a0Por ser las bolsas un producto para uso en alimentos; y, para garantizar su inocuidad, no hay cambios ni devoluciones en estos productos. Por lo tanto, por favor, aseg\u00farese de que est\u00e1 adquiriendo el producto correcto. Agradecemos su comprensi\u00f3n.<\/p>\n","protected":false},"excerpt":{"rendered":"<p>Bolsas para envasado al vac\u00edo gofradas Espesor: 190 micrones Estructura de la bolsa: PE + PA (Nylon) Marca abre f\u00e1cil Reusable Tama\u00f1o (Ancho x Alto + base) Capacidad (mL) (*) Precio por 100 Unidades \u00a0Precio por 500 unidades Precio por 1,000 unidades 7&#215;10 cm 25 11 \u00a0\u00a0\u00a0\u00a0\u00a0\u00a0\u00a0 49.50 99.00 9&#215;13 cm 75 17 \u00a0\u00a0\u00a0\u00a0\u00a0\u00a0\u00a0 75.00 [&hellip;]<\/p>\n","protected":false},"featured_media":626,"comment_status":"open","ping_status":"closed","template":"","meta":{"om_disable_all_campaigns":false,"_monsterinsights_skip_tracking":false,"_monsterinsights_sitenote_active":false,"_monsterinsights_sitenote_note":"","_monsterinsights_sitenote_category":0,"_uf_show_specific_survey":0,"_uf_disable_surveys":false},"product_brand":[],"product_cat":[108,71,78],"product_tag":[],"class_list":{"0":"post-590","1":"product","2":"type-product","3":"status-publish","4":"has-post-thumbnail","6":"product_cat-bolsas-para-envasado-al-vacio","7":"product_cat-bolsas-sin-base","8":"product_cat-envases","10":"first","11":"instock","12":"shipping-taxable","13":"purchasable","14":"product-type-variable"},"aioseo_notices":[],"_links":{"self":[{"href":"https:\/\/envasesyempaqueselixir.com\/index.php\/wp-json\/wp\/v2\/product\/590","targetHints":{"allow":["GET"]}}],"collection":[{"href":"https:\/\/envasesyempaqueselixir.com\/index.php\/wp-json\/wp\/v2\/product"}],"about":[{"href":"https:\/\/envasesyempaqueselixir.com\/index.php\/wp-json\/wp\/v2\/types\/product"}],"replies":[{"embeddable":true,"href":"https:\/\/envasesyempaqueselixir.com\/index.php\/wp-json\/wp\/v2\/comments?post=590"}],"wp:featuredmedia":[{"embeddable":true,"href":"https:\/\/envasesyempaqueselixir.com\/index.php\/wp-json\/wp\/v2\/media\/626"}],"wp:attachment":[{"href":"https:\/\/envasesyempaqueselixir.com\/index.php\/wp-json\/wp\/v2\/media?parent=590"}],"wp:term":[{"taxonomy":"product_brand","embeddable":true,"href":"https:\/\/envasesyempaqueselixir.com\/index.php\/wp-json\/wp\/v2\/product_brand?post=590"},{"taxonomy":"product_cat","embeddable":true,"href":"https:\/\/envasesyempaqueselixir.com\/index.php\/wp-json\/wp\/v2\/product_cat?post=590"},{"taxonomy":"product_tag","embeddable":true,"href":"https:\/\/envasesyempaqueselixir.com\/index.php\/wp-json\/wp\/v2\/product_tag?post=590"}],"curies":[{"name":"wp","href":"https:\/\/api.w.org\/{rel}","templated":true}]}}