{"id":393,"date":"2022-05-30T19:55:36","date_gmt":"2022-05-30T19:55:36","guid":{"rendered":"https:\/\/envasesyempaqueselixir.com\/?post_type=product&#038;p=393"},"modified":"2026-04-06T23:34:53","modified_gmt":"2026-04-06T23:34:53","slug":"bolsa-doypack-de-papel-kraft-acabado-mate-trilaminadas-con-ventana-rectangular-transparente-100-unidades","status":"publish","type":"product","link":"https:\/\/envasesyempaqueselixir.com\/index.php\/producto\/bolsa-doypack-de-papel-kraft-acabado-mate-trilaminadas-con-ventana-rectangular-transparente-100-unidades\/","title":{"rendered":"Bolsa doypack de papel kraft acabado mate trilaminadas con ventana rectangular transparente (100 unidades)"},"content":{"rendered":"<p><strong>Bolsa doypack de papel kraft acabado mate trilaminadas con ventana rectangular transparente.<\/strong><\/p>\n<p>Espesor: 280 micrones<\/p>\n<p>Estructura de la bolsa: MOPP + Papel Kraft natural + CPP<\/p>\n<p>Con cierre resellable<\/p>\n<p>Marca abre f\u00e1cil<\/p>\n<div dir=\"auto\">\u00bfC\u00f3mo protegen tus productos nuestras bolsas trilaminadas? <span class=\"pq6dq46d tbxw36s4 knj5qynh kvgmc6g5 ditlmg2l oygrvhab nvdbi5me sf5mxxl7 gl3lb2sf hhz5lgdu\"><img decoding=\"async\" src=\"https:\/\/static.xx.fbcdn.net\/images\/emoji.php\/v9\/tdd\/1\/16\/1f9d0.png\" alt=\"\ud83e\uddd0\" width=\"16\" height=\"16\" \/><\/span><span class=\"pq6dq46d tbxw36s4 knj5qynh kvgmc6g5 ditlmg2l oygrvhab nvdbi5me sf5mxxl7 gl3lb2sf hhz5lgdu\"><img decoding=\"async\" src=\"https:\/\/static.xx.fbcdn.net\/images\/emoji.php\/v9\/tdd\/1\/16\/1f9d0.png\" alt=\"\ud83e\uddd0\" width=\"16\" height=\"16\" \/><\/span><\/div>\n<div dir=\"auto\"><\/div>\n<div dir=\"auto\">Nuestras bolsas trilaminadas est\u00e1n conformadas por MOPP + Papel Kraft natural + CPP<\/div>\n<div dir=\"auto\"><\/div>\n<div dir=\"auto\"><strong>\u00bfCuales son sus beneficios?<\/strong><\/div>\n<div dir=\"auto\"><\/div>\n<div dir=\"auto\">Papel Kraft: Resistencia y acabado natural, ecol\u00f3gica.<\/div>\n<div dir=\"auto\">MOPP y CPP: Barrera antihumedad.<\/div>\n<div dir=\"auto\"><\/div>\n<div dir=\"auto\">\n<table style=\"height: 508px;\" width=\"742\">\n<tbody>\n<tr>\n<td width=\"119\">Tama\u00f1o (Ancho x Alto + base)<\/td>\n<td width=\"63\">Capacidad (g) (*)<\/td>\n<td width=\"64\">Precio por 100 Unidades<\/td>\n<td width=\"64\">\u00a0Precio por 500 unidades<\/td>\n<td width=\"64\">\u00a0Precio por 1,000 unidades<\/td>\n<\/tr>\n<tr>\n<td width=\"119\">9*14+cm<\/td>\n<td width=\"63\">25<\/td>\n<td width=\"64\">22,00<\/td>\n<td width=\"64\">97,50<\/td>\n<td width=\"64\">195,00<\/td>\n<\/tr>\n<tr>\n<td width=\"119\">10*15+3 cm<\/td>\n<td width=\"63\">50<\/td>\n<td width=\"64\">25,00<\/td>\n<td width=\"64\">110,00<\/td>\n<td width=\"64\">220,00<\/td>\n<\/tr>\n<tr>\n<td width=\"119\">12*20+4 cm<\/td>\n<td width=\"63\">100<\/td>\n<td width=\"64\">35,00<\/td>\n<td width=\"64\">155,00<\/td>\n<td width=\"64\">310,00<\/td>\n<\/tr>\n<tr>\n<td width=\"119\">14*20+4 cm<\/td>\n<td width=\"63\">200<\/td>\n<td width=\"64\">44,00<\/td>\n<td width=\"64\">200,00<\/td>\n<td width=\"64\">400,00<\/td>\n<\/tr>\n<tr>\n<td width=\"119\">16*22+4 cm<\/td>\n<td width=\"63\">250<\/td>\n<td width=\"64\">53,00<\/td>\n<td width=\"64\">240,00<\/td>\n<td width=\"64\">480,00<\/td>\n<\/tr>\n<tr>\n<td width=\"119\">18*26+4 cm<\/td>\n<td width=\"63\">500<\/td>\n<td width=\"64\">66,00<\/td>\n<td width=\"64\">300,00<\/td>\n<td width=\"64\">600,00<\/td>\n<\/tr>\n<tr>\n<td width=\"119\">20*30+5 cm<\/td>\n<td width=\"63\">800<\/td>\n<td width=\"64\">83,00<\/td>\n<td width=\"64\">375,00<\/td>\n<td width=\"64\">750,00<\/td>\n<\/tr>\n<tr>\n<td width=\"119\">23*35 + 5 cm<\/td>\n<td width=\"63\">1000<\/td>\n<td width=\"64\">99,00<\/td>\n<td width=\"64\">450,00<\/td>\n<td width=\"64\">900,00<\/td>\n<\/tr>\n<\/tbody>\n<\/table>\n<\/div>\n<div dir=\"auto\"><span style=\"color: #ffffff;\">&lt;div&gt;<\/span><\/div>\n<div dir=\"auto\">(*) Los pesos se han calculado en base a granos de caf\u00e9 molido.<\/div>\n<div dir=\"auto\">Los precios incluyen IGV.<\/div>\n<p><strong>Pol\u00edtica de venta de empaques para alimentos:<\/strong> Por ser las bolsas un producto para uso en alimentos; y, para garantizar su inocuidad, no hay cambios ni devoluciones en estos productos. Por lo tanto, por favor, aseg\u00farese de que est\u00e1 adquiriendo el producto correcto. Agradecemos su comprensi\u00f3n.<\/p>\n<p><iframe src=\"https:\/\/www.youtube.com\/embed\/KlbardCzpLI\" width=\"560\" height=\"315\" frameborder=\"0\" allowfullscreen=\"allowfullscreen\"><\/iframe><\/p>\n","protected":false},"excerpt":{"rendered":"<p>Haga clic en cada medida\/peso para ver el precio.<\/p>\n<p>(*) Los pesos se han calculado en base a granos de caf\u00e9 molido. Consulte con nosotros.<\/p>\n","protected":false},"featured_media":108,"comment_status":"open","ping_status":"closed","template":"","meta":{"om_disable_all_campaigns":false,"_monsterinsights_skip_tracking":false,"_monsterinsights_sitenote_active":false,"_monsterinsights_sitenote_note":"","_monsterinsights_sitenote_category":0,"_uf_show_specific_survey":0,"_uf_disable_surveys":false},"product_brand":[],"product_cat":[19,75,78],"product_tag":[],"class_list":{"0":"post-393","1":"product","2":"type-product","3":"status-publish","4":"has-post-thumbnail","6":"product_cat-bolsas-doypack","7":"product_cat-bolsas-de-kraft-laminado","8":"product_cat-envases","10":"first","11":"instock","12":"featured","13":"shipping-taxable","14":"product-type-variable"},"aioseo_notices":[],"_links":{"self":[{"href":"https:\/\/envasesyempaqueselixir.com\/index.php\/wp-json\/wp\/v2\/product\/393","targetHints":{"allow":["GET"]}}],"collection":[{"href":"https:\/\/envasesyempaqueselixir.com\/index.php\/wp-json\/wp\/v2\/product"}],"about":[{"href":"https:\/\/envasesyempaqueselixir.com\/index.php\/wp-json\/wp\/v2\/types\/product"}],"replies":[{"embeddable":true,"href":"https:\/\/envasesyempaqueselixir.com\/index.php\/wp-json\/wp\/v2\/comments?post=393"}],"wp:featuredmedia":[{"embeddable":true,"href":"https:\/\/envasesyempaqueselixir.com\/index.php\/wp-json\/wp\/v2\/media\/108"}],"wp:attachment":[{"href":"https:\/\/envasesyempaqueselixir.com\/index.php\/wp-json\/wp\/v2\/media?parent=393"}],"wp:term":[{"taxonomy":"product_brand","embeddable":true,"href":"https:\/\/envasesyempaqueselixir.com\/index.php\/wp-json\/wp\/v2\/product_brand?post=393"},{"taxonomy":"product_cat","embeddable":true,"href":"https:\/\/envasesyempaqueselixir.com\/index.php\/wp-json\/wp\/v2\/product_cat?post=393"},{"taxonomy":"product_tag","embeddable":true,"href":"https:\/\/envasesyempaqueselixir.com\/index.php\/wp-json\/wp\/v2\/product_tag?post=393"}],"curies":[{"name":"wp","href":"https:\/\/api.w.org\/{rel}","templated":true}]}}