{"id":370,"date":"2022-05-30T19:55:13","date_gmt":"2022-05-30T19:55:13","guid":{"rendered":"https:\/\/envasesyempaqueselixir.com\/?post_type=product&#038;p=370"},"modified":"2026-02-02T17:44:54","modified_gmt":"2026-02-02T17:44:54","slug":"bolsas-doypack-de-papel-kraft-natural-trilaminadas-con-base-plana-y-ventana-transparente-100-unid","status":"publish","type":"product","link":"https:\/\/envasesyempaqueselixir.com\/index.php\/producto\/bolsas-doypack-de-papel-kraft-natural-trilaminadas-con-base-plana-y-ventana-transparente-100-unid\/","title":{"rendered":"Bolsas doypack de papel kraft natural trilaminadas con base plana y ventana transparente (100 unid.)"},"content":{"rendered":"<p><b>Bolsas doypack de papel kraft natural trilaminadas con base plana y ventana transparente.<\/b><\/p>\n<p>Espesor: 300 micrones<\/p>\n<p>Estructura de la bolsa: MOPP+ Papel Kraft natural +PE<\/p>\n<p>Con cierre resellable<\/p>\n<p>Marca abre f\u00e1cil<\/p>\n<table style=\"height: 145px;\" width=\"760\">\n<tbody>\n<tr>\n<td width=\"80\">Tama\u00f1o<\/td>\n<td width=\"80\">Capacidad (gr) (*)<\/td>\n<td width=\"80\">Precio por 100 Unidades<\/td>\n<td width=\"80\">Precio por 500 unidades<\/td>\n<td width=\"80\">Precio por 1,000 unidades<\/td>\n<\/tr>\n<tr>\n<td width=\"80\">14*24+ 6cm<\/td>\n<td width=\"80\">300<\/td>\n<td style=\"text-align: center;\" width=\"80\">85<\/td>\n<td style=\"text-align: center;\" width=\"80\">\u00a0\u00a0\u00a0\u00a0\u00a0\u00a0\u00a0\u00a0\u00a0\u00a0 400<\/td>\n<td style=\"text-align: center;\" width=\"80\">800<\/td>\n<\/tr>\n<\/tbody>\n<\/table>\n<p>(*) Los pesos se han calculado en base a granos de caf\u00e9 molido.<\/p>\n<p>Precios en soles, incluyen IGV.<\/p>\n<p><strong>Pol\u00edtica de venta de empaques para alimentos:<\/strong> Por ser las bolsas un producto para uso en alimentos; y, para garantizar su inocuidad, no hay cambios ni devoluciones en estos productos. Por lo tanto, por favor, aseg\u00farese de que est\u00e1 adquiriendo el producto correcto. Agradecemos su comprensi\u00f3n.<\/p>\n","protected":false},"excerpt":{"rendered":"<ul>\n<li dir=\"auto\">Super resistentes<\/li>\n<li dir=\"auto\">Cierre herm\u00e9tico para mejor conservaci\u00f3n del producto<\/li>\n<li dir=\"auto\">Base plana y fuelle para una mayor estabilidad y capacidad<\/li>\n<li dir=\"auto\">Ventana frontal transparente<\/li>\n<\/ul>\n<p>Haga clic en cada medida\/peso para ver el precio.<\/p>\n<p>(*) Los pesos se han calculado en base a granos de caf\u00e9 molido. Consulte con nosotros.<\/p>\n","protected":false},"featured_media":94,"comment_status":"open","ping_status":"closed","template":"","meta":{"om_disable_all_campaigns":false,"_monsterinsights_skip_tracking":false,"_monsterinsights_sitenote_active":false,"_monsterinsights_sitenote_note":"","_monsterinsights_sitenote_category":0,"_uf_show_specific_survey":0,"_uf_disable_surveys":false},"product_brand":[],"product_cat":[70,75,78,229],"product_tag":[],"class_list":{"0":"post-370","1":"product","2":"type-product","3":"status-publish","4":"has-post-thumbnail","6":"product_cat-bolsas-con-base-plana","7":"product_cat-bolsas-de-kraft-laminado","8":"product_cat-envases","9":"product_cat-oulet","11":"first","12":"instock","13":"sale","14":"featured","15":"shipping-taxable","16":"product-type-variable"},"aioseo_notices":[],"_links":{"self":[{"href":"https:\/\/envasesyempaqueselixir.com\/index.php\/wp-json\/wp\/v2\/product\/370","targetHints":{"allow":["GET"]}}],"collection":[{"href":"https:\/\/envasesyempaqueselixir.com\/index.php\/wp-json\/wp\/v2\/product"}],"about":[{"href":"https:\/\/envasesyempaqueselixir.com\/index.php\/wp-json\/wp\/v2\/types\/product"}],"replies":[{"embeddable":true,"href":"https:\/\/envasesyempaqueselixir.com\/index.php\/wp-json\/wp\/v2\/comments?post=370"}],"wp:featuredmedia":[{"embeddable":true,"href":"https:\/\/envasesyempaqueselixir.com\/index.php\/wp-json\/wp\/v2\/media\/94"}],"wp:attachment":[{"href":"https:\/\/envasesyempaqueselixir.com\/index.php\/wp-json\/wp\/v2\/media?parent=370"}],"wp:term":[{"taxonomy":"product_brand","embeddable":true,"href":"https:\/\/envasesyempaqueselixir.com\/index.php\/wp-json\/wp\/v2\/product_brand?post=370"},{"taxonomy":"product_cat","embeddable":true,"href":"https:\/\/envasesyempaqueselixir.com\/index.php\/wp-json\/wp\/v2\/product_cat?post=370"},{"taxonomy":"product_tag","embeddable":true,"href":"https:\/\/envasesyempaqueselixir.com\/index.php\/wp-json\/wp\/v2\/product_tag?post=370"}],"curies":[{"name":"wp","href":"https:\/\/api.w.org\/{rel}","templated":true}]}}