{"id":365,"date":"2022-05-30T19:55:12","date_gmt":"2022-05-30T19:55:12","guid":{"rendered":"https:\/\/envasesyempaqueselixir.com\/?post_type=product&#038;p=365"},"modified":"2026-04-09T13:23:11","modified_gmt":"2026-04-09T13:23:11","slug":"bolsas-doypack-trilaminadas-con-lamina-de-aluminio-1000-unidades","status":"publish","type":"product","link":"https:\/\/envasesyempaqueselixir.com\/index.php\/producto\/bolsas-doypack-trilaminadas-con-lamina-de-aluminio-1000-unidades\/","title":{"rendered":"Bolsas doypack trilaminadas con l\u00e1mina de aluminio (1,000 unidades)"},"content":{"rendered":"<p>Espesor: 200 | 240 (*) micrones<\/p>\n<p>Estructura de la bolsa: PET+L\u00c1MINA DE ALUMINIO+LDPE<\/p>\n<p>Con cierre resellable<\/p>\n<p>Marca abre f\u00e1cil<\/p>\n<table style=\"height: 471px;\" width=\"740\">\n<tbody>\n<tr>\n<td width=\"107\"><b>Tama\u00f1o (Ancho x Alto + base)<\/b><\/td>\n<td width=\"65\"><b>Capacidad (gr) (*)<\/b><\/td>\n<td width=\"87\"><b>\u00a0Precio por 100 unidades <\/b><\/td>\n<td width=\"88\"><b>\u00a0Precio por 500 unidades <\/b><\/td>\n<td width=\"88\"><b>\u00a0Precio por 1,000 unidades <\/b><\/td>\n<\/tr>\n<tr>\n<td width=\"107\">10&#215;15 + 3 cm<\/td>\n<td width=\"65\">50<\/td>\n<td style=\"text-align: center;\" width=\"87\">38.00<\/td>\n<td style=\"text-align: center;\" width=\"88\">170.00<\/td>\n<td style=\"text-align: center;\" width=\"88\">340.00<\/td>\n<\/tr>\n<tr>\n<td width=\"107\">12&#215;20 + 4 cm<\/td>\n<td width=\"65\">100<\/td>\n<td style=\"text-align: center;\" width=\"87\">48.00<\/td>\n<td style=\"text-align: center;\" width=\"88\">215.00<\/td>\n<td style=\"text-align: center;\" width=\"88\">430.00<\/td>\n<\/tr>\n<tr>\n<td width=\"107\">14&#215;22 + 4 cm<\/td>\n<td width=\"65\">200<\/td>\n<td style=\"text-align: center;\" width=\"87\">60.00<\/td>\n<td style=\"text-align: center;\" width=\"88\">270.00<\/td>\n<td style=\"text-align: center;\" width=\"88\">540.00<\/td>\n<\/tr>\n<tr>\n<td width=\"107\">16&#215;24 +4 cm<\/td>\n<td width=\"65\">250<\/td>\n<td width=\"87\">\u00a0\u00a0\u00a0\u00a0\u00a0\u00a0\u00a0\u00a0\u00a0\u00a0\u00a0\u00a0 72.00<\/td>\n<td width=\"88\">\u00a0\u00a0\u00a0\u00a0\u00a0\u00a0\u00a0\u00a0\u00a0\u00a0 325.00<\/td>\n<td width=\"88\">\u00a0\u00a0\u00a0\u00a0\u00a0\u00a0\u00a0\u00a0\u00a0\u00a0 650.00<\/td>\n<\/tr>\n<tr>\n<td width=\"107\">18&#215;26 +4 cm<\/td>\n<td width=\"65\">500<\/td>\n<td style=\"text-align: center;\" width=\"87\">88.00<\/td>\n<td style=\"text-align: center;\" width=\"88\">400.00<\/td>\n<td style=\"text-align: center;\" width=\"88\">800.00<\/td>\n<\/tr>\n<tr>\n<td width=\"107\">18&#215;31 + 4 cm (*)<\/td>\n<td width=\"65\">750<\/td>\n<td width=\"87\">\u00a0\u00a0\u00a0\u00a0\u00a0\u00a0\u00a0\u00a0\u00a0\u00a0 100.00<\/td>\n<td width=\"88\">\u00a0 \u00a0 \u00a0 \u00a0 \u00a0 \u00a0475.00<\/td>\n<td style=\"text-align: center;\" width=\"88\">\u00a0950.00<\/td>\n<\/tr>\n<tr>\n<td width=\"107\">22&#215;29 + 5 cm<\/td>\n<td width=\"65\">1000<\/td>\n<td style=\"text-align: center;\" width=\"87\">127.00<\/td>\n<td style=\"text-align: center;\" width=\"88\">575.00<\/td>\n<td style=\"text-align: center;\" width=\"88\">1,150.00<\/td>\n<\/tr>\n<tr>\n<td width=\"107\">24&#215;37 + 5 cm<\/td>\n<td width=\"65\">1300<\/td>\n<td width=\"87\">\u00a0\u00a0\u00a0\u00a0\u00a0\u00a0\u00a0\u00a0\u00a0\u00a0 149.00<\/td>\n<td width=\"88\">\u00a0\u00a0\u00a0\u00a0\u00a0\u00a0\u00a0\u00a0\u00a0\u00a0 675.00<\/td>\n<td style=\"text-align: center;\" width=\"88\">1,350.00<\/td>\n<\/tr>\n<\/tbody>\n<\/table>\n<p>(*) Los pesos se han calculado en base a granos de caf\u00e9 molido.<br \/>\nPrecios en soles, incluyen IGV.<\/p>\n<p><strong>Pol\u00edtica de venta de empaques para alimentos:<\/strong> Por ser las bolsas un producto para uso en alimentos; y, para garantizar su inocuidad, no hay cambios ni devoluciones en estos productos. Por lo tanto, por favor, aseg\u00farese de que est\u00e1 adquiriendo el producto correcto. Agradecemos su comprensi\u00f3n.<\/p>\n","protected":false},"excerpt":{"rendered":"<p>Haga clic en cada medida\/peso para ver el precio.<\/p>\n<p>(*) Los pesos se han calculado en base a granos de caf\u00e9 molido. Consulte con nosotros.<\/p>\n","protected":false},"featured_media":93,"comment_status":"open","ping_status":"closed","template":"","meta":{"om_disable_all_campaigns":false,"_monsterinsights_skip_tracking":false,"_monsterinsights_sitenote_active":false,"_monsterinsights_sitenote_note":"","_monsterinsights_sitenote_category":0,"_uf_show_specific_survey":0,"_uf_disable_surveys":false},"product_brand":[],"product_cat":[19,74,78],"product_tag":[],"class_list":{"0":"post-365","1":"product","2":"type-product","3":"status-publish","4":"has-post-thumbnail","6":"product_cat-bolsas-doypack","7":"product_cat-bolsas-con-lamina-de-aluminio","8":"product_cat-envases","10":"first","11":"instock","12":"shipping-taxable","13":"purchasable","14":"product-type-variable"},"aioseo_notices":[],"_links":{"self":[{"href":"https:\/\/envasesyempaqueselixir.com\/index.php\/wp-json\/wp\/v2\/product\/365","targetHints":{"allow":["GET"]}}],"collection":[{"href":"https:\/\/envasesyempaqueselixir.com\/index.php\/wp-json\/wp\/v2\/product"}],"about":[{"href":"https:\/\/envasesyempaqueselixir.com\/index.php\/wp-json\/wp\/v2\/types\/product"}],"replies":[{"embeddable":true,"href":"https:\/\/envasesyempaqueselixir.com\/index.php\/wp-json\/wp\/v2\/comments?post=365"}],"wp:featuredmedia":[{"embeddable":true,"href":"https:\/\/envasesyempaqueselixir.com\/index.php\/wp-json\/wp\/v2\/media\/93"}],"wp:attachment":[{"href":"https:\/\/envasesyempaqueselixir.com\/index.php\/wp-json\/wp\/v2\/media?parent=365"}],"wp:term":[{"taxonomy":"product_brand","embeddable":true,"href":"https:\/\/envasesyempaqueselixir.com\/index.php\/wp-json\/wp\/v2\/product_brand?post=365"},{"taxonomy":"product_cat","embeddable":true,"href":"https:\/\/envasesyempaqueselixir.com\/index.php\/wp-json\/wp\/v2\/product_cat?post=365"},{"taxonomy":"product_tag","embeddable":true,"href":"https:\/\/envasesyempaqueselixir.com\/index.php\/wp-json\/wp\/v2\/product_tag?post=365"}],"curies":[{"name":"wp","href":"https:\/\/api.w.org\/{rel}","templated":true}]}}