{"id":360,"date":"2022-05-30T19:55:12","date_gmt":"2022-05-30T19:55:12","guid":{"rendered":"https:\/\/envasesyempaqueselixir.com\/?post_type=product&#038;p=360"},"modified":"2026-04-06T23:00:56","modified_gmt":"2026-04-06T23:00:56","slug":"bolsa-doypack-kraft-natural-trilaminadas-con-ventana-500-unidades","status":"publish","type":"product","link":"https:\/\/envasesyempaqueselixir.com\/index.php\/producto\/bolsa-doypack-kraft-natural-trilaminadas-con-ventana-500-unidades\/","title":{"rendered":"Bolsa doypack kraft natural trilaminadas con ventana (500 unidades)"},"content":{"rendered":"<p><b>Bolsa doypack de papel kraft natural trilaminadas con ventana rectangular transparente.<\/b><\/p>\n<p>Espesor: 280 micrones<\/p>\n<p>Estructura de la bolsa: Papel Kraft natural + PET + CPP<\/p>\n<p>Con cierre resellable<\/p>\n<p>Marca abre f\u00e1cil<\/p>\n<div dir=\"auto\">\u00bfC\u00f3mo protegen tus productos nuestras bolsas trilaminadas? <span class=\"pq6dq46d tbxw36s4 knj5qynh kvgmc6g5 ditlmg2l oygrvhab nvdbi5me sf5mxxl7 gl3lb2sf hhz5lgdu\"><img decoding=\"async\" src=\"https:\/\/static.xx.fbcdn.net\/images\/emoji.php\/v9\/tdd\/1\/16\/1f9d0.png\" alt=\"\ud83e\uddd0\" width=\"16\" height=\"16\" \/><\/span><span class=\"pq6dq46d tbxw36s4 knj5qynh kvgmc6g5 ditlmg2l oygrvhab nvdbi5me sf5mxxl7 gl3lb2sf hhz5lgdu\"><img decoding=\"async\" src=\"https:\/\/static.xx.fbcdn.net\/images\/emoji.php\/v9\/tdd\/1\/16\/1f9d0.png\" alt=\"\ud83e\uddd0\" width=\"16\" height=\"16\" \/><\/span><\/div>\n<div dir=\"auto\"><\/div>\n<div dir=\"auto\">Nuestras bolsas trilaminadas est\u00e1n conformadas por Papel Kraft + PET + CPP.<\/div>\n<div dir=\"auto\"><\/div>\n<div dir=\"auto\"><strong>\u00bfCuales son sus beneficios?<\/strong><\/div>\n<div dir=\"auto\"><\/div>\n<div dir=\"auto\">Papel Kraft: Resistencia y acabado natural, ecol\u00f3gica.<\/div>\n<div dir=\"auto\">PET: Barrera antigrasa y antigases.<\/div>\n<div dir=\"auto\">CPP: Barrera antihumedad.<\/div>\n<div dir=\"auto\">PET y CPP: Alta resistencia a los desgarros y punzonado.<\/div>\n<div dir=\"auto\"><\/div>\n<div dir=\"auto\">\n<table style=\"height: 585px;\" width=\"866\">\n<tbody>\n<tr>\n<td width=\"82\">Tama\u00f1o (Ancho x Alto + base)<\/td>\n<td width=\"62\">Capacidad (g) (*)<\/td>\n<td width=\"64\">Precio por 100 Unidades<\/td>\n<td width=\"64\">\u00a0Precio por 500 unidades<\/td>\n<td width=\"64\">\u00a0Precio por 1,000 unidades<\/td>\n<\/tr>\n<tr>\n<td width=\"82\">9*14+cm<\/td>\n<td width=\"62\">25<\/td>\n<td width=\"64\">\u00a0\u00a0\u00a0\u00a0\u00a0\u00a0\u00a0 21.00<\/td>\n<td width=\"64\">\u00a0\u00a0\u00a0\u00a0\u00a0\u00a0\u00a0 95.00<\/td>\n<td width=\"64\">\u00a0\u00a0\u00a0\u00a0\u00a0 190.00<\/td>\n<\/tr>\n<tr>\n<td width=\"82\">10*15+3 cm<\/td>\n<td width=\"62\">50<\/td>\n<td width=\"64\">\u00a0\u00a0\u00a0\u00a0\u00a0\u00a0\u00a0 24.00<\/td>\n<td width=\"64\">\u00a0\u00a0\u00a0\u00a0\u00a0 107.50<\/td>\n<td width=\"64\">\u00a0\u00a0\u00a0\u00a0\u00a0 215.00<\/td>\n<\/tr>\n<tr>\n<td width=\"82\">12*20+4 cm<\/td>\n<td width=\"62\">100<\/td>\n<td width=\"64\">\u00a0\u00a0\u00a0\u00a0\u00a0\u00a0\u00a0 33.00<\/td>\n<td width=\"64\">\u00a0\u00a0\u00a0\u00a0\u00a0 150.00<\/td>\n<td width=\"64\">\u00a0\u00a0\u00a0\u00a0\u00a0 300.00<\/td>\n<\/tr>\n<tr>\n<td width=\"82\">14*20+4 cm<\/td>\n<td width=\"62\">200<\/td>\n<td width=\"64\">\u00a0\u00a0\u00a0\u00a0\u00a0\u00a0\u00a0 42.00<\/td>\n<td width=\"64\">\u00a0\u00a0\u00a0\u00a0\u00a0 190.00<\/td>\n<td width=\"64\">\u00a0\u00a0\u00a0\u00a0\u00a0 380.00<\/td>\n<\/tr>\n<tr>\n<td width=\"82\">16*22+4 cm<\/td>\n<td width=\"62\">250<\/td>\n<td width=\"64\">\u00a0\u00a0\u00a0\u00a0\u00a0\u00a0\u00a0 52.00<\/td>\n<td width=\"64\">\u00a0\u00a0\u00a0\u00a0\u00a0 235.00<\/td>\n<td width=\"64\">\u00a0\u00a0\u00a0\u00a0\u00a0 470.00<\/td>\n<\/tr>\n<tr>\n<td width=\"82\">18*26+4 cm<\/td>\n<td width=\"62\">500<\/td>\n<td width=\"64\">\u00a0\u00a0\u00a0\u00a0\u00a0\u00a0\u00a0 63.00<\/td>\n<td width=\"64\">\u00a0\u00a0\u00a0\u00a0\u00a0 285.00<\/td>\n<td width=\"64\">\u00a0\u00a0\u00a0\u00a0\u00a0 570.00<\/td>\n<\/tr>\n<tr>\n<td width=\"82\">20*30+5 cm<\/td>\n<td width=\"62\">800<\/td>\n<td width=\"64\">\u00a0 \u00a0 \u00a0 \u00a0 77.00<\/td>\n<td width=\"64\">\u00a0\u00a0\u00a0\u00a0\u00a0 350.00<\/td>\n<td width=\"64\">\u00a0\u00a0\u00a0\u00a0\u00a0 700.00<\/td>\n<\/tr>\n<tr>\n<td width=\"82\">23*35 + 5 cm<\/td>\n<td width=\"62\">1000<\/td>\n<td width=\"64\">\u00a0\u00a0\u00a0\u00a0\u00a0\u00a0\u00a0 99.00<\/td>\n<td width=\"64\">\u00a0\u00a0\u00a0\u00a0\u00a0 450.00<\/td>\n<td width=\"64\">\u00a0\u00a0\u00a0\u00a0\u00a0 900.00<\/td>\n<\/tr>\n<\/tbody>\n<\/table>\n<\/div>\n<div dir=\"auto\"><\/div>\n<div dir=\"auto\">(*) Los pesos se han calculado en base a granos de caf\u00e9 molido.<\/div>\n<p>Los precios incluyen IGV.<\/p>\n<p><strong>Pol\u00edtica de venta de empaques para alimentos:<\/strong>\u00a0Por ser las bolsas un producto para uso en alimentos; y, para garantizar su inocuidad, no hay cambios ni devoluciones en estos productos. Por lo tanto, por favor, aseg\u00farese de que est\u00e1 adquiriendo el producto correcto. Agradecemos su comprensi\u00f3n.<\/p>\n","protected":false},"excerpt":{"rendered":"<p>Haga clic en cada medida\/peso para ver el precio.<\/p>\n<p>(*) Los pesos se han calculado en base a granos de caf\u00e9 molido. Consulte con nosotros.<\/p>\n","protected":false},"featured_media":91,"comment_status":"open","ping_status":"closed","template":"","meta":{"om_disable_all_campaigns":false,"_monsterinsights_skip_tracking":false,"_monsterinsights_sitenote_active":false,"_monsterinsights_sitenote_note":"","_monsterinsights_sitenote_category":0,"_uf_show_specific_survey":0,"_uf_disable_surveys":false},"product_brand":[],"product_cat":[19,75,78],"product_tag":[],"class_list":{"0":"post-360","1":"product","2":"type-product","3":"status-publish","4":"has-post-thumbnail","6":"product_cat-bolsas-doypack","7":"product_cat-bolsas-de-kraft-laminado","8":"product_cat-envases","10":"first","11":"instock","12":"shipping-taxable","13":"purchasable","14":"product-type-variable"},"aioseo_notices":[],"_links":{"self":[{"href":"https:\/\/envasesyempaqueselixir.com\/index.php\/wp-json\/wp\/v2\/product\/360","targetHints":{"allow":["GET"]}}],"collection":[{"href":"https:\/\/envasesyempaqueselixir.com\/index.php\/wp-json\/wp\/v2\/product"}],"about":[{"href":"https:\/\/envasesyempaqueselixir.com\/index.php\/wp-json\/wp\/v2\/types\/product"}],"replies":[{"embeddable":true,"href":"https:\/\/envasesyempaqueselixir.com\/index.php\/wp-json\/wp\/v2\/comments?post=360"}],"wp:featuredmedia":[{"embeddable":true,"href":"https:\/\/envasesyempaqueselixir.com\/index.php\/wp-json\/wp\/v2\/media\/91"}],"wp:attachment":[{"href":"https:\/\/envasesyempaqueselixir.com\/index.php\/wp-json\/wp\/v2\/media?parent=360"}],"wp:term":[{"taxonomy":"product_brand","embeddable":true,"href":"https:\/\/envasesyempaqueselixir.com\/index.php\/wp-json\/wp\/v2\/product_brand?post=360"},{"taxonomy":"product_cat","embeddable":true,"href":"https:\/\/envasesyempaqueselixir.com\/index.php\/wp-json\/wp\/v2\/product_cat?post=360"},{"taxonomy":"product_tag","embeddable":true,"href":"https:\/\/envasesyempaqueselixir.com\/index.php\/wp-json\/wp\/v2\/product_tag?post=360"}],"curies":[{"name":"wp","href":"https:\/\/api.w.org\/{rel}","templated":true}]}}