{"id":355,"date":"2022-05-30T19:55:12","date_gmt":"2022-05-30T19:55:12","guid":{"rendered":"https:\/\/envasesyempaqueselixir.com\/?post_type=product&#038;p=355"},"modified":"2025-09-10T17:28:16","modified_gmt":"2025-09-10T17:28:16","slug":"frasco-vial-de-vidrio-ambar-con-tapon-de-butilo-y-precinto-de-aluminio-x-25-unidades-500-ml","status":"publish","type":"product","link":"https:\/\/envasesyempaqueselixir.com\/index.php\/producto\/frasco-vial-de-vidrio-ambar-con-tapon-de-butilo-y-precinto-de-aluminio-x-25-unidades-500-ml\/","title":{"rendered":"Frasco Vial de Vidrio \u00c1mbar con Tap\u00f3n de Butilo y Precinto de Aluminio x 25 unidades | 500 mL"},"content":{"rendered":"<h2 style=\"text-align: center;\">Frascos vial de vidrio con tap\u00f3n de butilo y precinto de aluminio<\/h2>\n<p style=\"text-align: center;\">Precio unitario x mayor: 5.00 a partir de 25 unidades<\/p>\n<h3 style=\"text-align: center;\">Color: \u00e1mbar<\/h3>\n<h3 style=\"text-align: center;\">500 mL<\/h3>\n<p style=\"text-align: center;\">100% Calidad Peruana<\/p>\n<p style=\"text-align: center;\">CALIDAD DE EXPORTACI\u00d3N<\/p>\n","protected":false},"excerpt":{"rendered":"<p>Tener en cuenta que Solo se enviar\u00e1 por agencia de transporte Shalom o Marvisur para recoger en oficina. No est\u00e1 disponible el env\u00edo por Olva courier.<\/p>\n","protected":false},"featured_media":80,"comment_status":"open","ping_status":"closed","template":"","meta":{"om_disable_all_campaigns":false,"_monsterinsights_skip_tracking":false,"_monsterinsights_sitenote_active":false,"_monsterinsights_sitenote_note":"","_monsterinsights_sitenote_category":0,"_uf_show_specific_survey":0,"_uf_disable_surveys":false},"product_brand":[],"product_cat":[78,18],"product_tag":[],"class_list":{"0":"post-355","1":"product","2":"type-product","3":"status-publish","4":"has-post-thumbnail","6":"product_cat-envases","7":"product_cat-frascos-de-vidrio-y-accesorios","9":"first","10":"instock","11":"shipping-taxable","12":"purchasable","13":"product-type-simple"},"aioseo_notices":[],"_links":{"self":[{"href":"https:\/\/envasesyempaqueselixir.com\/index.php\/wp-json\/wp\/v2\/product\/355","targetHints":{"allow":["GET"]}}],"collection":[{"href":"https:\/\/envasesyempaqueselixir.com\/index.php\/wp-json\/wp\/v2\/product"}],"about":[{"href":"https:\/\/envasesyempaqueselixir.com\/index.php\/wp-json\/wp\/v2\/types\/product"}],"replies":[{"embeddable":true,"href":"https:\/\/envasesyempaqueselixir.com\/index.php\/wp-json\/wp\/v2\/comments?post=355"}],"wp:featuredmedia":[{"embeddable":true,"href":"https:\/\/envasesyempaqueselixir.com\/index.php\/wp-json\/wp\/v2\/media\/80"}],"wp:attachment":[{"href":"https:\/\/envasesyempaqueselixir.com\/index.php\/wp-json\/wp\/v2\/media?parent=355"}],"wp:term":[{"taxonomy":"product_brand","embeddable":true,"href":"https:\/\/envasesyempaqueselixir.com\/index.php\/wp-json\/wp\/v2\/product_brand?post=355"},{"taxonomy":"product_cat","embeddable":true,"href":"https:\/\/envasesyempaqueselixir.com\/index.php\/wp-json\/wp\/v2\/product_cat?post=355"},{"taxonomy":"product_tag","embeddable":true,"href":"https:\/\/envasesyempaqueselixir.com\/index.php\/wp-json\/wp\/v2\/product_tag?post=355"}],"curies":[{"name":"wp","href":"https:\/\/api.w.org\/{rel}","templated":true}]}}