{"id":2073,"date":"2025-06-21T17:09:39","date_gmt":"2025-06-21T17:09:39","guid":{"rendered":"https:\/\/envasesyempaqueselixir.com\/?post_type=product&#038;p=2073"},"modified":"2026-04-06T23:55:44","modified_gmt":"2026-04-06T23:55:44","slug":"bolsa-transparente-con-base-plana-100-unidades","status":"publish","type":"product","link":"https:\/\/envasesyempaqueselixir.com\/index.php\/producto\/bolsa-transparente-con-base-plana-100-unidades\/","title":{"rendered":"Bolsa Transparente con base plana (100 unidades)"},"content":{"rendered":"<p><strong>Bolsa Transparente con base plana<\/strong><\/p>\n<p>Espesor: 160 micrones<\/p>\n<p>Estructura de la bolsa: PET + PE<\/p>\n<p>Con cierre resellable<\/p>\n<p>Marca abre f\u00e1cil<\/p>\n<p>&nbsp;<\/p>\n<table style=\"height: 800px;\" width=\"858\">\n<tbody>\n<tr>\n<td style=\"text-align: center;\" width=\"84\"><b>Tama\u00f1o (Ancho x Alto + base)<\/b><\/td>\n<td style=\"text-align: center;\" width=\"95\"><b>Capacidad\u00a0 (*)<\/b><\/td>\n<td style=\"text-align: center;\" width=\"84\"><b>Precio por 100 Unidades<\/b><\/td>\n<td style=\"text-align: center;\" width=\"84\"><b>\u00a0Precio por 500 unidades <\/b><\/td>\n<td style=\"text-align: center;\" width=\"84\"><b>\u00a0Precio por 1,000 unidades <\/b><\/td>\n<\/tr>\n<tr>\n<td style=\"text-align: center;\" width=\"84\">10&#215;20+6 cm<\/td>\n<td style=\"text-align: center;\" width=\"95\">600 ml<\/td>\n<td style=\"text-align: center;\" width=\"84\">43.00<\/td>\n<td style=\"text-align: center;\" width=\"84\">195.00<\/td>\n<td style=\"text-align: center;\" width=\"84\">390.00<\/td>\n<\/tr>\n<tr>\n<td style=\"text-align: center;\" width=\"84\">12&#215;22+6 cm<\/td>\n<td style=\"text-align: center;\" width=\"95\">800 ml<\/td>\n<td style=\"text-align: center;\" width=\"84\">\u00a052.00<\/td>\n<td style=\"text-align: center;\" width=\"84\">\u00a0235.00<\/td>\n<td style=\"text-align: center;\" width=\"84\">\u00a0470.00<\/td>\n<\/tr>\n<tr>\n<td style=\"text-align: center;\" width=\"84\">14&#215;24+6 cm<\/td>\n<td style=\"text-align: center;\" width=\"95\">1 L<\/td>\n<td style=\"text-align: center;\" width=\"84\">\u00a058.00<\/td>\n<td style=\"text-align: center;\" width=\"84\">\u00a0260.00<\/td>\n<td style=\"text-align: center;\" width=\"84\">\u00a0520.00<\/td>\n<\/tr>\n<tr>\n<td style=\"text-align: center;\" width=\"84\">16&#215;26+8 cm<\/td>\n<td style=\"text-align: center;\" width=\"95\">1.75 L<\/td>\n<td style=\"text-align: center;\" width=\"84\">69.00<\/td>\n<td style=\"text-align: center;\" width=\"84\">\u00a0310.00<\/td>\n<td style=\"text-align: center;\" width=\"84\">\u00a0620.00<\/td>\n<\/tr>\n<tr>\n<td style=\"text-align: center;\" width=\"84\">18&#215;28+8 cm<\/td>\n<td style=\"text-align: center;\" width=\"95\">2L<\/td>\n<td style=\"text-align: center;\" width=\"84\">88.00<\/td>\n<td style=\"text-align: center;\" width=\"84\">400.00<\/td>\n<td style=\"text-align: center;\" width=\"84\">800.00<\/td>\n<\/tr>\n<tr>\n<td style=\"text-align: center;\" width=\"84\">20&#215;30+8 cm<\/td>\n<td style=\"text-align: center;\" width=\"95\">3L<\/td>\n<td style=\"text-align: center;\" width=\"84\">105.00<\/td>\n<td style=\"text-align: center;\" width=\"84\">475.00<\/td>\n<td style=\"text-align: center;\" width=\"84\">950.00<\/td>\n<\/tr>\n<\/tbody>\n<\/table>\n<div dir=\"auto\"><span style=\"color: #ffffff;\">&lt;div&gt;<\/span><\/div>\n<div dir=\"auto\">(*) Los pesos se han calculado en base a granos de caf\u00e9 molido.<\/div>\n<div dir=\"auto\">Los precios incluyen IGV.<\/div>\n<div dir=\"auto\"><\/div>\n<div dir=\"auto\"><\/div>\n<p><strong>Pol\u00edtica de venta de empaques para alimentos:<\/strong> Por ser las bolsas un producto para uso en alimentos; y, para garantizar su inocuidad, no hay cambios ni devoluciones en estos productos. Por lo tanto, por favor, aseg\u00farese de que est\u00e1 adquiriendo el producto correcto. Agradecemos su comprensi\u00f3n.<\/p>\n<p>&nbsp;<\/p>\n","protected":false},"excerpt":{"rendered":"<p>Bolsa Transparente con base plana Espesor: 160 micrones Estructura de la bolsa: PET + PE Con cierre resellable Marca abre f\u00e1cil &nbsp; Tama\u00f1o (Ancho x Alto + base) Capacidad\u00a0 (*) Precio por 100 Unidades \u00a0Precio por 500 unidades \u00a0Precio por 1,000 unidades 10&#215;20+6 cm 600 ml 43.00 195.00 390.00 12&#215;22+6 cm 800 ml \u00a052.00 \u00a0235.00 [&hellip;]<\/p>\n","protected":false},"featured_media":2044,"comment_status":"open","ping_status":"closed","template":"","meta":{"om_disable_all_campaigns":false,"_monsterinsights_skip_tracking":false,"_monsterinsights_sitenote_active":false,"_monsterinsights_sitenote_note":"","_monsterinsights_sitenote_category":0,"_uf_show_specific_survey":0,"_uf_disable_surveys":false},"product_brand":[],"product_cat":[70,162,78,16],"product_tag":[],"class_list":{"0":"post-2073","1":"product","2":"type-product","3":"status-publish","4":"has-post-thumbnail","6":"product_cat-bolsas-con-base-plana","7":"product_cat-bolsas-transparentes","8":"product_cat-envases","9":"product_cat-sin-categorizar","11":"first","12":"instock","13":"shipping-taxable","14":"purchasable","15":"product-type-variable"},"aioseo_notices":[],"_links":{"self":[{"href":"https:\/\/envasesyempaqueselixir.com\/index.php\/wp-json\/wp\/v2\/product\/2073","targetHints":{"allow":["GET"]}}],"collection":[{"href":"https:\/\/envasesyempaqueselixir.com\/index.php\/wp-json\/wp\/v2\/product"}],"about":[{"href":"https:\/\/envasesyempaqueselixir.com\/index.php\/wp-json\/wp\/v2\/types\/product"}],"replies":[{"embeddable":true,"href":"https:\/\/envasesyempaqueselixir.com\/index.php\/wp-json\/wp\/v2\/comments?post=2073"}],"wp:featuredmedia":[{"embeddable":true,"href":"https:\/\/envasesyempaqueselixir.com\/index.php\/wp-json\/wp\/v2\/media\/2044"}],"wp:attachment":[{"href":"https:\/\/envasesyempaqueselixir.com\/index.php\/wp-json\/wp\/v2\/media?parent=2073"}],"wp:term":[{"taxonomy":"product_brand","embeddable":true,"href":"https:\/\/envasesyempaqueselixir.com\/index.php\/wp-json\/wp\/v2\/product_brand?post=2073"},{"taxonomy":"product_cat","embeddable":true,"href":"https:\/\/envasesyempaqueselixir.com\/index.php\/wp-json\/wp\/v2\/product_cat?post=2073"},{"taxonomy":"product_tag","embeddable":true,"href":"https:\/\/envasesyempaqueselixir.com\/index.php\/wp-json\/wp\/v2\/product_tag?post=2073"}],"curies":[{"name":"wp","href":"https:\/\/api.w.org\/{rel}","templated":true}]}}