{"id":1929,"date":"2025-02-07T20:57:10","date_gmt":"2025-02-07T20:57:10","guid":{"rendered":"https:\/\/envasesyempaqueselixir.com\/?post_type=product&#038;p=1929"},"modified":"2026-02-19T17:25:42","modified_gmt":"2026-02-19T17:25:42","slug":"bolsa-kraft-natural-trilaminadas-con-ventana-sin-base-500-unidades","status":"publish","type":"product","link":"https:\/\/envasesyempaqueselixir.com\/index.php\/producto\/bolsa-kraft-natural-trilaminadas-con-ventana-sin-base-500-unidades\/","title":{"rendered":"Bolsa kraft natural trilaminadas con ventana sin base (500 unidades)"},"content":{"rendered":"<p><b>Bolsa de papel kraft natural trilaminadas con ventana rectangular transparente.<\/b><\/p>\n<p>Espesor: 280 micrones<\/p>\n<p>Estructura de la bolsa: Papel Kraft natural + PET + CPP<\/p>\n<p>Con cierre resellable<\/p>\n<p>Marca abre f\u00e1cil<\/p>\n<div dir=\"auto\">\u00bfC\u00f3mo protegen tus productos nuestras bolsas trilaminadas? <span class=\"pq6dq46d tbxw36s4 knj5qynh kvgmc6g5 ditlmg2l oygrvhab nvdbi5me sf5mxxl7 gl3lb2sf hhz5lgdu\"><img decoding=\"async\" src=\"https:\/\/static.xx.fbcdn.net\/images\/emoji.php\/v9\/tdd\/1\/16\/1f9d0.png\" alt=\"\ud83e\uddd0\" width=\"16\" height=\"16\" \/><\/span><span class=\"pq6dq46d tbxw36s4 knj5qynh kvgmc6g5 ditlmg2l oygrvhab nvdbi5me sf5mxxl7 gl3lb2sf hhz5lgdu\"><img decoding=\"async\" src=\"https:\/\/static.xx.fbcdn.net\/images\/emoji.php\/v9\/tdd\/1\/16\/1f9d0.png\" alt=\"\ud83e\uddd0\" width=\"16\" height=\"16\" \/><\/span><\/div>\n<div dir=\"auto\"><\/div>\n<div dir=\"auto\">Nuestras bolsas trilaminadas est\u00e1n conformadas por Papel Kraft + PET + CPP.<\/div>\n<div dir=\"auto\"><\/div>\n<div dir=\"auto\"><strong>\u00bfCuales son sus beneficios?<\/strong><\/div>\n<div dir=\"auto\"><\/div>\n<div dir=\"auto\">Papel Kraft: Resistencia y acabado natural, ecol\u00f3gica.<\/div>\n<div dir=\"auto\">PET: Barrera antigrasa y antigases.<\/div>\n<div dir=\"auto\">CPP: Barrera antihumedad.<\/div>\n<div dir=\"auto\">PET y CPP: Alta resistencia a los desgarros y punzonado.<\/div>\n<div dir=\"auto\"><\/div>\n<div dir=\"auto\">\n<table style=\"height: 249px;\" width=\"573\">\n<tbody>\n<tr>\n<td width=\"119\">Tama\u00f1o (Ancho x Alto + base)<\/td>\n<td width=\"62\">Capacidad (g) (*)<\/td>\n<td width=\"64\">Precio por 100 Unidades<\/td>\n<td width=\"64\">\u00a0Precio por 500 unidades<\/td>\n<td width=\"64\">\u00a0Precio por 1,000 unidades<\/td>\n<\/tr>\n<tr>\n<td width=\"119\">9*14 cm<\/td>\n<td width=\"62\">25<\/td>\n<td width=\"64\">\u00a0\u00a0\u00a0\u00a0\u00a0\u00a0\u00a0 16,00<\/td>\n<td width=\"64\">\u00a0\u00a0\u00a0\u00a0\u00a0\u00a0\u00a0 70,00<\/td>\n<td width=\"64\">\u00a0\u00a0\u00a0\u00a0\u00a0 140,00<\/td>\n<\/tr>\n<tr>\n<td width=\"119\">12*20 cm<\/td>\n<td width=\"62\">75<\/td>\n<td width=\"64\">\u00a0\u00a0\u00a0\u00a0\u00a0\u00a0\u00a0 22,00<\/td>\n<td width=\"64\">\u00a0\u00a0\u00a0\u00a0\u00a0 100,00<\/td>\n<td width=\"64\">\u00a0\u00a0\u00a0\u00a0\u00a0 200,00<\/td>\n<\/tr>\n<tr>\n<td width=\"119\">14*22 cm<\/td>\n<td width=\"62\">150<\/td>\n<td width=\"64\">\u00a0\u00a0\u00a0\u00a0\u00a0\u00a0\u00a0 30,00<\/td>\n<td width=\"64\">\u00a0\u00a0\u00a0\u00a0\u00a0 140,00<\/td>\n<td width=\"64\">\u00a0 \u00a0 \u00a0 280,00<\/td>\n<\/tr>\n<\/tbody>\n<\/table>\n<\/div>\n<div dir=\"auto\"><span style=\"color: #ffffff;\">&lt;div&gt;<\/span><\/div>\n<div dir=\"auto\">(*) Los pesos se han calculado en base a granos de caf\u00e9 molido.<\/div>\n<div dir=\"auto\">Los precios incluyen IGV.<\/div>\n<p><strong>Pol\u00edtica de venta de empaques para alimentos:<\/strong>\u00a0Por ser las bolsas un producto para uso en alimentos; y, para garantizar su inocuidad, no hay cambios ni devoluciones en estos productos. Por lo tanto, por favor, aseg\u00farese de que est\u00e1 adquiriendo el producto correcto. Agradecemos su comprensi\u00f3n.<\/p>\n<p>&nbsp;<\/p>\n<p>&nbsp;<\/p>\n","protected":false},"excerpt":{"rendered":"<p>Bolsa de papel kraft natural trilaminadas con ventana rectangular transparente. Espesor: 280 micrones Estructura de la bolsa: Papel Kraft natural + PET + CPP Con cierre resellable Marca abre f\u00e1cil \u00bfC\u00f3mo protegen tus productos nuestras bolsas trilaminadas? Nuestras bolsas trilaminadas est\u00e1n conformadas por Papel Kraft + PET + CPP. \u00bfCuales son sus beneficios? Papel Kraft: [&hellip;]<\/p>\n","protected":false},"featured_media":445,"comment_status":"open","ping_status":"closed","template":"","meta":{"om_disable_all_campaigns":false,"_monsterinsights_skip_tracking":false,"_monsterinsights_sitenote_active":false,"_monsterinsights_sitenote_note":"","_monsterinsights_sitenote_category":0,"_uf_show_specific_survey":0,"_uf_disable_surveys":false},"product_brand":[],"product_cat":[75,71,78,229],"product_tag":[],"class_list":{"0":"post-1929","1":"product","2":"type-product","3":"status-publish","4":"has-post-thumbnail","6":"product_cat-bolsas-de-kraft-laminado","7":"product_cat-bolsas-sin-base","8":"product_cat-envases","9":"product_cat-oulet","11":"first","12":"instock","13":"sale","14":"featured","15":"shipping-taxable","16":"purchasable","17":"product-type-variable"},"aioseo_notices":[],"_links":{"self":[{"href":"https:\/\/envasesyempaqueselixir.com\/index.php\/wp-json\/wp\/v2\/product\/1929","targetHints":{"allow":["GET"]}}],"collection":[{"href":"https:\/\/envasesyempaqueselixir.com\/index.php\/wp-json\/wp\/v2\/product"}],"about":[{"href":"https:\/\/envasesyempaqueselixir.com\/index.php\/wp-json\/wp\/v2\/types\/product"}],"replies":[{"embeddable":true,"href":"https:\/\/envasesyempaqueselixir.com\/index.php\/wp-json\/wp\/v2\/comments?post=1929"}],"wp:featuredmedia":[{"embeddable":true,"href":"https:\/\/envasesyempaqueselixir.com\/index.php\/wp-json\/wp\/v2\/media\/445"}],"wp:attachment":[{"href":"https:\/\/envasesyempaqueselixir.com\/index.php\/wp-json\/wp\/v2\/media?parent=1929"}],"wp:term":[{"taxonomy":"product_brand","embeddable":true,"href":"https:\/\/envasesyempaqueselixir.com\/index.php\/wp-json\/wp\/v2\/product_brand?post=1929"},{"taxonomy":"product_cat","embeddable":true,"href":"https:\/\/envasesyempaqueselixir.com\/index.php\/wp-json\/wp\/v2\/product_cat?post=1929"},{"taxonomy":"product_tag","embeddable":true,"href":"https:\/\/envasesyempaqueselixir.com\/index.php\/wp-json\/wp\/v2\/product_tag?post=1929"}],"curies":[{"name":"wp","href":"https:\/\/api.w.org\/{rel}","templated":true}]}}