{"id":1848,"date":"2025-01-29T22:57:06","date_gmt":"2025-01-29T22:57:06","guid":{"rendered":"https:\/\/envasesyempaqueselixir.com\/?post_type=product&#038;p=1848"},"modified":"2026-02-02T21:02:17","modified_gmt":"2026-02-02T21:02:17","slug":"bolsas-doypack-trilaminadas-y-aluminizados-celeste-500-unidades","status":"publish","type":"product","link":"https:\/\/envasesyempaqueselixir.com\/index.php\/producto\/bolsas-doypack-trilaminadas-y-aluminizados-celeste-500-unidades\/","title":{"rendered":"Bolsas doypack trilaminadas y aluminizados \u2013 Celeste (500 unidades)"},"content":{"rendered":"<p>Doypack trilaminadas y aluminizados color mate.<\/p>\n<p>Espesor: 200 \/ 220 \/ 280 micrones<\/p>\n<p>Estructura de la bolsa: MOPP+VMPET+LDPE<\/p>\n<p>Con cierre resellable<\/p>\n<p>Marca abre f\u00e1cil<\/p>\n<p>&nbsp;<\/p>\n<table style=\"height: 811px;\" width=\"835\">\n<tbody>\n<tr>\n<td width=\"80\">Tama\u00f1o (Ancho x Alto + base)<\/td>\n<td width=\"80\">Capacidad (gr) (*)<\/td>\n<td width=\"80\">Color<\/td>\n<td width=\"80\">Precio por 100 Unidades<\/td>\n<td width=\"80\">Precio por 500 Unidades<\/td>\n<td width=\"80\">Precio por 1,000 unidades<\/td>\n<\/tr>\n<tr>\n<td width=\"80\">10&#215;15+3 cm<\/td>\n<td width=\"80\">50<\/td>\n<td width=\"100\"><b>Blanco mate<\/b> \/ Verde \/<br \/>\nNegro \/ Oro \/<br \/>\nRojo \/ Celeste<\/td>\n<td width=\"80\">32<\/td>\n<td width=\"80\">145<\/td>\n<td width=\"80\">290<\/td>\n<\/tr>\n<tr>\n<td width=\"80\">12&#215;20+4 cm<\/td>\n<td width=\"80\">100<\/td>\n<td width=\"100\"><b>Blanco mate<\/b> \/ Verde \/Negro \/ Oro \/ Rojo \/ Celeste\u00a0 \u00a0 \u00a0 \u00a0 \/Morado<\/td>\n<td width=\"80\">44<\/td>\n<td width=\"80\">200<\/td>\n<td width=\"80\">400<\/td>\n<\/tr>\n<tr>\n<td width=\"80\">14&#215;20+4 cm<\/td>\n<td width=\"80\">200<\/td>\n<td width=\"100\"><b>Blanco mate<\/b> \/ Verde \/ Negro \/ Oro \/ Rojo \/ Morado<\/td>\n<td width=\"80\">48<\/td>\n<td width=\"80\">220<\/td>\n<td width=\"80\">440<\/td>\n<\/tr>\n<tr>\n<td width=\"80\">15&#215;22+4 cm<\/td>\n<td width=\"80\"><\/td>\n<td width=\"100\"><b>Celeste<\/b><\/td>\n<td width=\"80\">55<\/td>\n<td width=\"80\">250<\/td>\n<td width=\"80\">&#8211;<\/td>\n<\/tr>\n<tr>\n<td width=\"80\">16&#215;24+4 cm<\/td>\n<td width=\"80\">250<\/td>\n<td width=\"100\"><b>Blanco mate<\/b>\/ Verde \/Negro brillante \/<br \/>\nOro brillante<\/td>\n<td width=\"80\">61<\/td>\n<td width=\"80\">275<\/td>\n<td width=\"80\">550<\/td>\n<\/tr>\n<tr>\n<td width=\"80\">18&#215;26+4 cm<\/td>\n<td width=\"80\">500<\/td>\n<td width=\"100\"><b>Blanco mate\/<\/b> Verde \/Negro \/ Oro \/Rojo \/ Celeste \/Morado<\/td>\n<td width=\"80\">77<\/td>\n<td width=\"80\">350<\/td>\n<td width=\"80\">700<\/td>\n<\/tr>\n<tr>\n<td width=\"80\">20&#215;30+4cm<\/td>\n<td width=\"80\">800<\/td>\n<td width=\"100\"><b>Blanco mate \/ <\/b>Negro \/ Verde<\/td>\n<td width=\"80\">94<\/td>\n<td width=\"80\">425<\/td>\n<td width=\"80\">850<\/td>\n<\/tr>\n<\/tbody>\n<\/table>\n<p>(*) Los pesos se han calculado en base a granos de caf\u00e9 molido.<\/p>\n<p>Precios incluyen IGV.<\/p>\n<p><strong>Pol\u00edtica de venta de empaques para alimentos:<\/strong> Por ser las bolsas un producto para uso en alimentos; y, para garantizar su inocuidad, no hay cambios ni devoluciones en estos productos. Por lo tanto, por favor, aseg\u00farese de que est\u00e1 adquiriendo el producto correcto. Agradecemos su comprensi\u00f3n.<\/p>\n","protected":false},"excerpt":{"rendered":"<p>Doypack trilaminadas y aluminizados color mate. Espesor: 200 \/ 220 \/ 280 micrones Estructura de la bolsa: MOPP+VMPET+LDPE Con cierre resellable Marca abre f\u00e1cil &nbsp; Tama\u00f1o (Ancho x Alto + base) Capacidad (gr) (*) Color Precio por 100 Unidades Precio por 500 Unidades Precio por 1,000 unidades 10&#215;15+3 cm 50 Blanco mate \/ Verde \/ [&hellip;]<\/p>\n","protected":false},"featured_media":1843,"comment_status":"open","ping_status":"closed","template":"","meta":{"om_disable_all_campaigns":false,"_monsterinsights_skip_tracking":false,"_monsterinsights_sitenote_active":false,"_monsterinsights_sitenote_note":"","_monsterinsights_sitenote_category":0,"_uf_show_specific_survey":0,"_uf_disable_surveys":false},"product_brand":[],"product_cat":[72,19,78],"product_tag":[],"class_list":{"0":"post-1848","1":"product","2":"type-product","3":"status-publish","4":"has-post-thumbnail","6":"product_cat-bolsa-aluminizadas","7":"product_cat-bolsas-doypack","8":"product_cat-envases","10":"first","11":"instock","12":"shipping-taxable","13":"product-type-variable"},"aioseo_notices":[],"_links":{"self":[{"href":"https:\/\/envasesyempaqueselixir.com\/index.php\/wp-json\/wp\/v2\/product\/1848","targetHints":{"allow":["GET"]}}],"collection":[{"href":"https:\/\/envasesyempaqueselixir.com\/index.php\/wp-json\/wp\/v2\/product"}],"about":[{"href":"https:\/\/envasesyempaqueselixir.com\/index.php\/wp-json\/wp\/v2\/types\/product"}],"replies":[{"embeddable":true,"href":"https:\/\/envasesyempaqueselixir.com\/index.php\/wp-json\/wp\/v2\/comments?post=1848"}],"wp:featuredmedia":[{"embeddable":true,"href":"https:\/\/envasesyempaqueselixir.com\/index.php\/wp-json\/wp\/v2\/media\/1843"}],"wp:attachment":[{"href":"https:\/\/envasesyempaqueselixir.com\/index.php\/wp-json\/wp\/v2\/media?parent=1848"}],"wp:term":[{"taxonomy":"product_brand","embeddable":true,"href":"https:\/\/envasesyempaqueselixir.com\/index.php\/wp-json\/wp\/v2\/product_brand?post=1848"},{"taxonomy":"product_cat","embeddable":true,"href":"https:\/\/envasesyempaqueselixir.com\/index.php\/wp-json\/wp\/v2\/product_cat?post=1848"},{"taxonomy":"product_tag","embeddable":true,"href":"https:\/\/envasesyempaqueselixir.com\/index.php\/wp-json\/wp\/v2\/product_tag?post=1848"}],"curies":[{"name":"wp","href":"https:\/\/api.w.org\/{rel}","templated":true}]}}