{"id":1720,"date":"2024-11-05T00:13:55","date_gmt":"2024-11-05T00:13:55","guid":{"rendered":"https:\/\/envasesyempaqueselixir.com\/?post_type=product&#038;p=1720"},"modified":"2026-04-09T13:35:32","modified_gmt":"2026-04-09T13:35:32","slug":"bolsas-trilaminadas-con-lamina-de-aluminio-sello-en-u-o-3-sellos-500-unidades","status":"publish","type":"product","link":"https:\/\/envasesyempaqueselixir.com\/index.php\/producto\/bolsas-trilaminadas-con-lamina-de-aluminio-sello-en-u-o-3-sellos-500-unidades\/","title":{"rendered":"Bolsas trilaminadas con l\u00e1mina de aluminio sello en  \u201cu\u201d o 3 sellos  &#8211; (500 unidades)"},"content":{"rendered":"<p>Bolsas trilaminadas con l\u00e1mina de aluminio sello en \u201cU\u201d o 3 sellos<\/p>\n<p>Espesor: 200 micrones<br \/>\nEstructura de la bolsa: PET+L\u00c1MINA DE ALUMINIO+LDPE<br \/>\nSin base<br \/>\nSin cierre resellable<\/p>\n<div dir=\"auto\"><\/div>\n<div dir=\"auto\"><\/div>\n<div dir=\"auto\">\n<table style=\"height: 331px;\" width=\"881\">\n<tbody>\n<tr>\n<td width=\"82\">Tama\u00f1o (Ancho x Alto + base)<\/td>\n<td width=\"62\">Capacidad (ml) (*)<\/td>\n<td width=\"64\">Precio por 100 Unidades<\/td>\n<td width=\"64\">\u00a0Precio por 500 unidades<\/td>\n<td width=\"64\">\u00a0Precio por 1,000 unidades<\/td>\n<\/tr>\n<tr>\n<td width=\"82\">10&#215;15 cm<\/td>\n<td style=\"text-align: center;\" width=\"62\">200<\/td>\n<td style=\"text-align: center;\" width=\"64\">21.00<\/td>\n<td style=\"text-align: center;\" width=\"64\">95.00<\/td>\n<td style=\"text-align: center;\" width=\"64\">190.00<\/td>\n<\/tr>\n<tr>\n<td width=\"82\">12&#215;18 cm<\/td>\n<td style=\"text-align: center;\" width=\"62\">250<\/td>\n<td style=\"text-align: center;\" width=\"64\">29.00<\/td>\n<td style=\"text-align: center;\" width=\"64\">130.00<\/td>\n<td style=\"text-align: center;\" width=\"64\">260.00<\/td>\n<\/tr>\n<tr>\n<td width=\"82\">14&#215;20 cm<\/td>\n<td style=\"text-align: center;\" width=\"62\">400<\/td>\n<td style=\"text-align: center;\" width=\"64\">37.00<\/td>\n<td style=\"text-align: center;\" width=\"64\">165.00<\/td>\n<td style=\"text-align: center;\" width=\"64\">330.00<\/td>\n<\/tr>\n<tr>\n<td width=\"82\">15&#215;22 cm<\/td>\n<td style=\"text-align: center;\" width=\"62\">750<\/td>\n<td style=\"text-align: center;\" width=\"64\">48.00<\/td>\n<td style=\"text-align: center;\" width=\"64\">215.00<\/td>\n<td style=\"text-align: center;\" width=\"64\">430.00<\/td>\n<\/tr>\n<tr>\n<td width=\"82\">20&#215;30 cm<\/td>\n<td style=\"text-align: center;\" width=\"62\">1,900<\/td>\n<td style=\"text-align: center;\" width=\"64\">76.00<\/td>\n<td style=\"text-align: center;\" width=\"64\">345.00<\/td>\n<td style=\"text-align: center;\" width=\"64\">690.00<\/td>\n<\/tr>\n<tr>\n<td width=\"82\">22&#215;32 cm<\/td>\n<td style=\"text-align: center;\" width=\"62\">2,100<\/td>\n<td style=\"text-align: center;\" width=\"64\">83.00<\/td>\n<td style=\"text-align: center;\" width=\"64\">375.00<\/td>\n<td style=\"text-align: center;\" width=\"64\">750.00<\/td>\n<\/tr>\n<\/tbody>\n<\/table>\n<\/div>\n<div dir=\"auto\">Los precios incluyen IGV.<\/div>\n<div dir=\"auto\"><\/div>\n<p><strong>Pol\u00edtica de venta de empaques para alimentos:<\/strong>\u00a0Por ser las bolsas un producto para uso en alimentos; y, para garantizar su inocuidad, no hay cambios ni devoluciones en estos productos. Por lo tanto, por favor, aseg\u00farese de que est\u00e1 adquiriendo el producto correcto. Agradecemos su comprensi\u00f3n.<\/p>\n<p>Precios en soles, incluyen IGV.<br \/>\nA continuaci\u00f3n, puedes ver el video:<\/p>\n<p><iframe src=\"https:\/\/www.youtube.com\/embed\/tWfNZ2oIZnU\" width=\"560\" height=\"315\" frameborder=\"0\" allowfullscreen=\"allowfullscreen\"><\/iframe><\/p>\n","protected":false},"excerpt":{"rendered":"<p>Bolsas trilaminadas con l\u00e1mina de aluminio sello en \u201cU\u201d o 3 sellos Espesor: 200 micrones Estructura de la bolsa: PET+L\u00c1MINA DE ALUMINIO+LDPE Sin base Sin cierre resellable Tama\u00f1o (Ancho x Alto + base) Capacidad (ml) (*) Precio por 100 Unidades \u00a0Precio por 500 unidades \u00a0Precio por 1,000 unidades 10&#215;15 cm 200 21.00 95.00 190.00 12&#215;18 [&hellip;]<\/p>\n","protected":false},"featured_media":1719,"comment_status":"open","ping_status":"closed","template":"","meta":{"om_disable_all_campaigns":false,"_monsterinsights_skip_tracking":false,"_monsterinsights_sitenote_active":false,"_monsterinsights_sitenote_note":"","_monsterinsights_sitenote_category":0,"_uf_show_specific_survey":0,"_uf_disable_surveys":false},"product_brand":[],"product_cat":[74,108,71,78],"product_tag":[],"class_list":{"0":"post-1720","1":"product","2":"type-product","3":"status-publish","4":"has-post-thumbnail","6":"product_cat-bolsas-con-lamina-de-aluminio","7":"product_cat-bolsas-para-envasado-al-vacio","8":"product_cat-bolsas-sin-base","9":"product_cat-envases","11":"first","12":"instock","13":"shipping-taxable","14":"purchasable","15":"product-type-variable"},"aioseo_notices":[],"_links":{"self":[{"href":"https:\/\/envasesyempaqueselixir.com\/index.php\/wp-json\/wp\/v2\/product\/1720","targetHints":{"allow":["GET"]}}],"collection":[{"href":"https:\/\/envasesyempaqueselixir.com\/index.php\/wp-json\/wp\/v2\/product"}],"about":[{"href":"https:\/\/envasesyempaqueselixir.com\/index.php\/wp-json\/wp\/v2\/types\/product"}],"replies":[{"embeddable":true,"href":"https:\/\/envasesyempaqueselixir.com\/index.php\/wp-json\/wp\/v2\/comments?post=1720"}],"wp:featuredmedia":[{"embeddable":true,"href":"https:\/\/envasesyempaqueselixir.com\/index.php\/wp-json\/wp\/v2\/media\/1719"}],"wp:attachment":[{"href":"https:\/\/envasesyempaqueselixir.com\/index.php\/wp-json\/wp\/v2\/media?parent=1720"}],"wp:term":[{"taxonomy":"product_brand","embeddable":true,"href":"https:\/\/envasesyempaqueselixir.com\/index.php\/wp-json\/wp\/v2\/product_brand?post=1720"},{"taxonomy":"product_cat","embeddable":true,"href":"https:\/\/envasesyempaqueselixir.com\/index.php\/wp-json\/wp\/v2\/product_cat?post=1720"},{"taxonomy":"product_tag","embeddable":true,"href":"https:\/\/envasesyempaqueselixir.com\/index.php\/wp-json\/wp\/v2\/product_tag?post=1720"}],"curies":[{"name":"wp","href":"https:\/\/api.w.org\/{rel}","templated":true}]}}