{"id":1636,"date":"2024-09-08T23:24:38","date_gmt":"2024-09-08T23:24:38","guid":{"rendered":"https:\/\/envasesyempaqueselixir.com\/?post_type=product&#038;p=1636"},"modified":"2026-02-02T21:59:47","modified_gmt":"2026-02-02T21:59:47","slug":"bolsas-para-cafe-de-8-sellos-oro-500-unidades","status":"publish","type":"product","link":"https:\/\/envasesyempaqueselixir.com\/index.php\/producto\/bolsas-para-cafe-de-8-sellos-oro-500-unidades\/","title":{"rendered":"Bolsas para caf\u00e9 de 8 sellos &#8211; Oro (500 unidades)"},"content":{"rendered":"<p><b>Bolsas para caf\u00e9 base plana u 8 sellos <\/b><\/p>\n<p>Espesor: 280 micrones (ambas caras)<\/p>\n<p>Estructura de la bolsa:\u00a0 \u00a0 \u00a0 MOPP + VMPET + PE<\/p>\n<p>Con cierre resellable<\/p>\n<p>Marca abre f\u00e1cil<\/p>\n<table style=\"height: 626px;\" width=\"853\">\n<tbody>\n<tr>\n<td colspan=\"6\" width=\"439\"><b>S\u00f3lo bolsa<\/b><\/td>\n<\/tr>\n<tr>\n<td width=\"69\"><b>Tama\u00f1o (Ancho x Alto + base)<\/b><\/td>\n<td width=\"94\"><b>Color<\/b><\/td>\n<td width=\"69\"><b>Capacidad (gr) (*)<\/b><\/td>\n<td width=\"69\"><b>Precio por 100 Unidades<\/b><\/td>\n<td width=\"69\"><b>Precio por 500 unidades<\/b><\/td>\n<td width=\"69\"><b>Precio por 1,000 unidades<\/b><\/td>\n<\/tr>\n<tr>\n<td width=\"69\">9&#215;18 + 5 cm<\/td>\n<td width=\"94\">Azul<\/td>\n<td width=\"69\">100<\/td>\n<td width=\"69\">86.00<\/td>\n<td width=\"69\">395.00<\/td>\n<td width=\"69\">790.00<\/td>\n<\/tr>\n<tr>\n<td width=\"69\">13&#215;20 + 7 cm<\/td>\n<td width=\"94\">Kraft \/ Blanco \/ Negro \/ Azul \/ Oro\/Celeste<\/td>\n<td width=\"69\">250<\/td>\n<td width=\"69\">97.00<\/td>\n<td width=\"69\">445.00<\/td>\n<td width=\"69\">890.00<\/td>\n<\/tr>\n<tr>\n<td width=\"69\">13.5&#215;26.7+7.5 cm<\/td>\n<td width=\"94\">Kraft \/ Blanco \/ Negro \/ Azul \/ Oro\/Celeste<\/td>\n<td width=\"69\">500<\/td>\n<td width=\"69\">116.00<\/td>\n<td width=\"69\">525.00<\/td>\n<td width=\"69\">1050.00<\/td>\n<\/tr>\n<tr>\n<td width=\"69\">15&#215;32.5+9.5 cm<\/td>\n<td width=\"94\">Blanco \/ Negro \/ Azul \/Kraft<\/td>\n<td width=\"69\">1,000<\/td>\n<td width=\"69\">149.00<\/td>\n<td width=\"69\">675.00<\/td>\n<td width=\"69\">1350.00<\/td>\n<\/tr>\n<\/tbody>\n<\/table>\n<p>&nbsp;<\/p>\n<table style=\"height: 672px;\" width=\"852\">\n<tbody>\n<tr>\n<td colspan=\"6\" width=\"435\"><b>Con v\u00e1lvula<\/b><\/td>\n<\/tr>\n<tr>\n<td width=\"68\"><b>Tama\u00f1o (Ancho x Alto + base)<\/b><\/td>\n<td width=\"98\"><b>Color<\/b><\/td>\n<td width=\"67\"><b>Capacidad (gr) (*)<\/b><\/td>\n<td width=\"68\"><b>Precio por 100 Unidades<\/b><\/td>\n<td width=\"67\"><b>Precio por 500 unidades<\/b><\/td>\n<td width=\"67\"><b>Precio por 1,000 unidades<\/b><\/td>\n<\/tr>\n<tr>\n<td width=\"68\">9&#215;18 + 5 cm<\/td>\n<td width=\"98\">Azul<\/td>\n<td width=\"67\">100<\/td>\n<td width=\"68\">121.00<\/td>\n<td width=\"67\">570.00<\/td>\n<td width=\"67\">1140.00<\/td>\n<\/tr>\n<tr>\n<td width=\"68\">13&#215;20 + 7 cm<\/td>\n<td width=\"98\">Kraft \/ Blanco \/ Negro \/ Azul \/ Oro\/Celeste<\/td>\n<td width=\"67\">250<\/td>\n<td width=\"68\">132.00<\/td>\n<td width=\"67\">620.00<\/td>\n<td width=\"67\">1240.00<\/td>\n<\/tr>\n<tr>\n<td width=\"68\">13.5&#215;26.7+7.5 cm<\/td>\n<td width=\"98\">Kraft \/ Blanco \/ Negro \/ Azul \/ Oro\/Celeste<\/td>\n<td width=\"67\">500<\/td>\n<td width=\"68\">151.00<\/td>\n<td width=\"67\">700.00<\/td>\n<td width=\"67\">1400.00<\/td>\n<\/tr>\n<tr>\n<td width=\"68\">15&#215;32.5+9.5 cm<\/td>\n<td width=\"98\">Blanco \/ Negro \/\u00a0 Azul \/ Kraft<\/td>\n<td width=\"67\">1,000<\/td>\n<td width=\"68\">184.00<\/td>\n<td width=\"67\">850.00<\/td>\n<td width=\"67\">1700.00<\/td>\n<\/tr>\n<\/tbody>\n<\/table>\n<p>&nbsp;<\/p>\n<p>(*) Los pesos se han calculado en base a granos de caf\u00e9 molido.<\/p>\n<p>Precios en soles, incluyen IGV.<\/p>\n<p>&nbsp;<\/p>\n","protected":false},"excerpt":{"rendered":"<p>Bolsas para caf\u00e9 base plana u 8 sellos Espesor: 280 micrones (ambas caras) Estructura de la bolsa:\u00a0 \u00a0 \u00a0 MOPP + VMPET + PE Con cierre resellable Marca abre f\u00e1cil S\u00f3lo bolsa Tama\u00f1o (Ancho x Alto + base) Color Capacidad (gr) (*) Precio por 100 Unidades Precio por 500 unidades Precio por 1,000 unidades 9&#215;18 [&hellip;]<\/p>\n","protected":false},"featured_media":1669,"comment_status":"open","ping_status":"closed","template":"","meta":{"om_disable_all_campaigns":false,"_monsterinsights_skip_tracking":false,"_monsterinsights_sitenote_active":false,"_monsterinsights_sitenote_note":"","_monsterinsights_sitenote_category":0,"_uf_show_specific_survey":0,"_uf_disable_surveys":false},"product_brand":[],"product_cat":[72,129,78],"product_tag":[],"class_list":{"0":"post-1636","1":"product","2":"type-product","3":"status-publish","4":"has-post-thumbnail","6":"product_cat-bolsa-aluminizadas","7":"product_cat-bolsas-para-cafe","8":"product_cat-envases","10":"first","11":"instock","12":"shipping-taxable","13":"product-type-variable"},"aioseo_notices":[],"_links":{"self":[{"href":"https:\/\/envasesyempaqueselixir.com\/index.php\/wp-json\/wp\/v2\/product\/1636","targetHints":{"allow":["GET"]}}],"collection":[{"href":"https:\/\/envasesyempaqueselixir.com\/index.php\/wp-json\/wp\/v2\/product"}],"about":[{"href":"https:\/\/envasesyempaqueselixir.com\/index.php\/wp-json\/wp\/v2\/types\/product"}],"replies":[{"embeddable":true,"href":"https:\/\/envasesyempaqueselixir.com\/index.php\/wp-json\/wp\/v2\/comments?post=1636"}],"wp:featuredmedia":[{"embeddable":true,"href":"https:\/\/envasesyempaqueselixir.com\/index.php\/wp-json\/wp\/v2\/media\/1669"}],"wp:attachment":[{"href":"https:\/\/envasesyempaqueselixir.com\/index.php\/wp-json\/wp\/v2\/media?parent=1636"}],"wp:term":[{"taxonomy":"product_brand","embeddable":true,"href":"https:\/\/envasesyempaqueselixir.com\/index.php\/wp-json\/wp\/v2\/product_brand?post=1636"},{"taxonomy":"product_cat","embeddable":true,"href":"https:\/\/envasesyempaqueselixir.com\/index.php\/wp-json\/wp\/v2\/product_cat?post=1636"},{"taxonomy":"product_tag","embeddable":true,"href":"https:\/\/envasesyempaqueselixir.com\/index.php\/wp-json\/wp\/v2\/product_tag?post=1636"}],"curies":[{"name":"wp","href":"https:\/\/api.w.org\/{rel}","templated":true}]}}