{"id":1537,"date":"2024-09-03T04:45:27","date_gmt":"2024-09-03T04:45:27","guid":{"rendered":"https:\/\/envasesyempaqueselixir.com\/?post_type=product&#038;p=1537"},"modified":"2024-09-28T18:10:13","modified_gmt":"2024-09-28T18:10:13","slug":"bolsa-doypack-de-papel-kraft-aluminizado-100-unidades","status":"publish","type":"product","link":"https:\/\/envasesyempaqueselixir.com\/index.php\/producto\/bolsa-doypack-de-papel-kraft-aluminizado-100-unidades\/","title":{"rendered":"Bolsa doypack de papel kraft aluminizado (100 unidades)"},"content":{"rendered":"<p><b>Bolsa doypack de papel kraft aluminizado<\/b><\/p>\n<p>Espesor:\u00a0 280 micrones<\/p>\n<p>Estructura de la bolsa: Papel Kraft + VMPET\u00a0 + PE<\/p>\n<p>Con cierre resellable<\/p>\n<p>Marca abre f\u00e1cil<\/p>\n<p>&nbsp;<\/p>\n<table style=\"height: 218px;\" width=\"641\">\n<tbody>\n<tr>\n<td width=\"108\"><b>Tama\u00f1o (Ancho x Alto + base)<\/b><\/td>\n<td width=\"83\"><b>Capacidad (gr) (*)<\/b><\/td>\n<td width=\"82\"><b>\u00a0Precio por 100 Unidades <\/b><\/td>\n<td width=\"82\"><b>Precio por 500 unidades<\/b><\/td>\n<td width=\"83\"><b>Precio por 1,000 unidades<\/b><\/td>\n<\/tr>\n<tr>\n<td width=\"108\">11&#215;18.5 + 6.6 cm<\/td>\n<td width=\"83\">100<\/td>\n<td width=\"82\">\u00a0\u00a0\u00a0\u00a0\u00a0\u00a0\u00a0\u00a0\u00a0\u00a0\u00a0\u00a0 44.00<\/td>\n<td width=\"82\">\u00a0\u00a0\u00a0\u00a0\u00a0\u00a0\u00a0\u00a0\u00a0\u00a0 200.00<\/td>\n<td width=\"83\">\u00a0\u00a0\u00a0\u00a0\u00a0\u00a0\u00a0\u00a0\u00a0\u00a0 400.00<\/td>\n<\/tr>\n<\/tbody>\n<\/table>\n<div dir=\"auto\"><\/div>\n<div dir=\"auto\">(*) Los pesos se han calculado en base a granos de caf\u00e9 molido.<\/div>\n<div dir=\"auto\">Los precios incluyen IGV.<\/div>\n<p><strong>Pol\u00edtica de venta de empaques para alimentos:<\/strong>\u00a0Por ser las bolsas un producto para uso en alimentos; y, para garantizar su inocuidad, no hay cambios ni devoluciones en estos productos. Por lo tanto, por favor, aseg\u00farese de que est\u00e1 adquiriendo el producto correcto. Agradecemos su comprensi\u00f3n.<\/p>\n","protected":false},"excerpt":{"rendered":"<p>Bolsa doypack de papel kraft aluminizado Espesor:\u00a0 280 micrones Estructura de la bolsa: Papel Kraft + VMPET\u00a0 + PE Con cierre resellable Marca abre f\u00e1cil &nbsp; Tama\u00f1o (Ancho x Alto + base) Capacidad (gr) (*) \u00a0Precio por 100 Unidades Precio por 500 unidades Precio por 1,000 unidades 11&#215;18.5 + 6.6 cm 100 \u00a0\u00a0\u00a0\u00a0\u00a0\u00a0\u00a0\u00a0\u00a0\u00a0\u00a0\u00a0 44.00 \u00a0\u00a0\u00a0\u00a0\u00a0\u00a0\u00a0\u00a0\u00a0\u00a0 [&hellip;]<\/p>\n","protected":false},"featured_media":1665,"comment_status":"open","ping_status":"closed","template":"","meta":{"om_disable_all_campaigns":false,"_monsterinsights_skip_tracking":false,"_monsterinsights_sitenote_active":false,"_monsterinsights_sitenote_note":"","_monsterinsights_sitenote_category":0,"_uf_show_specific_survey":0,"_uf_disable_surveys":false},"product_brand":[],"product_cat":[72,19,75,16],"product_tag":[],"class_list":{"0":"post-1537","1":"product","2":"type-product","3":"status-publish","4":"has-post-thumbnail","6":"product_cat-bolsa-aluminizadas","7":"product_cat-bolsas-doypack","8":"product_cat-bolsas-de-kraft-laminado","9":"product_cat-sin-categorizar","11":"first","12":"instock","13":"shipping-taxable","14":"product-type-variable"},"aioseo_notices":[],"_links":{"self":[{"href":"https:\/\/envasesyempaqueselixir.com\/index.php\/wp-json\/wp\/v2\/product\/1537","targetHints":{"allow":["GET"]}}],"collection":[{"href":"https:\/\/envasesyempaqueselixir.com\/index.php\/wp-json\/wp\/v2\/product"}],"about":[{"href":"https:\/\/envasesyempaqueselixir.com\/index.php\/wp-json\/wp\/v2\/types\/product"}],"replies":[{"embeddable":true,"href":"https:\/\/envasesyempaqueselixir.com\/index.php\/wp-json\/wp\/v2\/comments?post=1537"}],"wp:featuredmedia":[{"embeddable":true,"href":"https:\/\/envasesyempaqueselixir.com\/index.php\/wp-json\/wp\/v2\/media\/1665"}],"wp:attachment":[{"href":"https:\/\/envasesyempaqueselixir.com\/index.php\/wp-json\/wp\/v2\/media?parent=1537"}],"wp:term":[{"taxonomy":"product_brand","embeddable":true,"href":"https:\/\/envasesyempaqueselixir.com\/index.php\/wp-json\/wp\/v2\/product_brand?post=1537"},{"taxonomy":"product_cat","embeddable":true,"href":"https:\/\/envasesyempaqueselixir.com\/index.php\/wp-json\/wp\/v2\/product_cat?post=1537"},{"taxonomy":"product_tag","embeddable":true,"href":"https:\/\/envasesyempaqueselixir.com\/index.php\/wp-json\/wp\/v2\/product_tag?post=1537"}],"curies":[{"name":"wp","href":"https:\/\/api.w.org\/{rel}","templated":true}]}}