{"id":1329,"date":"2024-04-17T21:50:38","date_gmt":"2024-04-17T21:50:38","guid":{"rendered":"https:\/\/envasesyempaqueselixir.com\/?post_type=product&#038;p=1329"},"modified":"2026-04-08T14:19:03","modified_gmt":"2026-04-08T14:19:03","slug":"bolsa-doypack-de-papel-kraft-mate-blanco-trilaminadas-con-ventana-rectangular-transparente-500-unidades","status":"publish","type":"product","link":"https:\/\/envasesyempaqueselixir.com\/index.php\/producto\/bolsa-doypack-de-papel-kraft-mate-blanco-trilaminadas-con-ventana-rectangular-transparente-500-unidades\/","title":{"rendered":"Bolsa doypack de papel kraft mate blanco trilaminadas con ventana rectangular transparente (500 unidades)"},"content":{"rendered":"<p><strong>Bolsa doypack de papel kraft mate blanco trilaminadas con ventana rectangular transparente.<\/strong><\/p>\n<p>Espesor: 260 micrones (ambas caras)<\/p>\n<p>Estructura de la bolsa: MOPP + Papel kraft blanco+ CPP<\/p>\n<p>Con cierre resellable<\/p>\n<p>Marca abre f\u00e1cil<\/p>\n<div dir=\"auto\">\u00bfC\u00f3mo protegen tus productos nuestras bolsas trilaminadas?\u00a0<span class=\"pq6dq46d tbxw36s4 knj5qynh kvgmc6g5 ditlmg2l oygrvhab nvdbi5me sf5mxxl7 gl3lb2sf hhz5lgdu\"><img decoding=\"async\" src=\"https:\/\/static.xx.fbcdn.net\/images\/emoji.php\/v9\/tdd\/1\/16\/1f9d0.png\" alt=\"\ud83e\uddd0\" width=\"16\" height=\"16\" \/><\/span><span class=\"pq6dq46d tbxw36s4 knj5qynh kvgmc6g5 ditlmg2l oygrvhab nvdbi5me sf5mxxl7 gl3lb2sf hhz5lgdu\"><img decoding=\"async\" src=\"https:\/\/static.xx.fbcdn.net\/images\/emoji.php\/v9\/tdd\/1\/16\/1f9d0.png\" alt=\"\ud83e\uddd0\" width=\"16\" height=\"16\" \/><\/span><\/div>\n<div dir=\"auto\"><\/div>\n<div dir=\"auto\">Nuestras bolsas trilaminadas est\u00e1n conformadas por MOPP + Papel Kraft blanco+ CPP<\/div>\n<div dir=\"auto\"><\/div>\n<div dir=\"auto\"><strong>\u00bfCuales son sus beneficios?<\/strong><\/div>\n<div dir=\"auto\"><\/div>\n<div dir=\"auto\">Papel Kraft: Resistencia y acabado natural, ecol\u00f3gica.<\/div>\n<div dir=\"auto\">MOPP y CPP: Barrera antihumedad.<\/div>\n<div dir=\"auto\"><\/div>\n<div dir=\"auto\">\n<table style=\"height: 446px;\" width=\"740\">\n<tbody>\n<tr>\n<td width=\"80\">Tama\u00f1o (Ancho x Alto + base)<\/td>\n<td width=\"80\">Capacidad (g) (*)<\/td>\n<td width=\"80\">Precio por 100 Unidades<\/td>\n<td width=\"80\">\u00a0Precio por 500 unidades<\/td>\n<td width=\"80\">\u00a0Precio por 1,000 unidades<\/td>\n<\/tr>\n<tr>\n<td width=\"80\">10&#215;15+3 cm<\/td>\n<td width=\"80\">50<\/td>\n<td width=\"80\">26<\/td>\n<td width=\"80\">117.5<\/td>\n<td width=\"80\">235<\/td>\n<\/tr>\n<tr>\n<td width=\"80\">12&#215;20+4 cm<\/td>\n<td width=\"80\">100<\/td>\n<td width=\"80\">35<\/td>\n<td width=\"80\">155<\/td>\n<td width=\"80\">310<\/td>\n<\/tr>\n<tr>\n<td width=\"80\">14&#215;20+4 cm<\/td>\n<td width=\"80\">200<\/td>\n<td width=\"80\">43<\/td>\n<td width=\"80\">195<\/td>\n<td width=\"80\">390<\/td>\n<\/tr>\n<tr>\n<td width=\"80\">15&#215;22+4 cm<\/td>\n<td width=\"80\">250<\/td>\n<td width=\"80\">53<\/td>\n<td width=\"80\">240<\/td>\n<td width=\"80\">480<\/td>\n<\/tr>\n<tr>\n<td width=\"80\">18&#215;26+4 cm<\/td>\n<td width=\"80\">500<\/td>\n<td width=\"80\">62<\/td>\n<td width=\"80\">280<\/td>\n<td width=\"80\">560<\/td>\n<\/tr>\n<tr>\n<td width=\"80\">20&#215;30+5 cm<\/td>\n<td width=\"80\">800<\/td>\n<td width=\"80\">80<\/td>\n<td width=\"80\">360<\/td>\n<td width=\"80\">720<\/td>\n<\/tr>\n<\/tbody>\n<\/table>\n<\/div>\n<div dir=\"auto\"><\/div>\n<div dir=\"auto\">(*) Los pesos se han calculado en base a granos de caf\u00e9 molido.<\/div>\n<div dir=\"auto\">Los precios incluyen IGV.<\/div>\n<div dir=\"auto\"><\/div>\n<p><strong>Pol\u00edtica de venta de empaques para alimentos:<\/strong>\u00a0Por ser las bolsas un producto para uso en alimentos; y, para garantizar su inocuidad, no hay cambios ni devoluciones en estos productos. Por lo tanto, por favor, aseg\u00farese de que est\u00e1 adquiriendo el producto correcto. Agradecemos su comprensi\u00f3n.<\/p>\n<p><iframe src=\"https:\/\/www.youtube.com\/embed\/vzps5k1UEds\" width=\"560\" height=\"315\" frameborder=\"0\" allowfullscreen=\"allowfullscreen\"><\/iframe><\/p>\n","protected":false},"excerpt":{"rendered":"<p>Haga clic en cada medida\/peso para ver el precio.<\/p>\n<p>(*) Los pesos se han calculado en base a granos de caf\u00e9 molido. Consulte con nosotros.<\/p>\n","protected":false},"featured_media":1165,"comment_status":"open","ping_status":"closed","template":"","meta":{"om_disable_all_campaigns":false,"_monsterinsights_skip_tracking":false,"_monsterinsights_sitenote_active":false,"_monsterinsights_sitenote_note":"","_monsterinsights_sitenote_category":0,"_uf_show_specific_survey":0,"_uf_disable_surveys":false},"product_brand":[],"product_cat":[19,75,78],"product_tag":[],"class_list":{"0":"post-1329","1":"product","2":"type-product","3":"status-publish","4":"has-post-thumbnail","6":"product_cat-bolsas-doypack","7":"product_cat-bolsas-de-kraft-laminado","8":"product_cat-envases","10":"first","11":"instock","12":"shipping-taxable","13":"purchasable","14":"product-type-variable"},"aioseo_notices":[],"_links":{"self":[{"href":"https:\/\/envasesyempaqueselixir.com\/index.php\/wp-json\/wp\/v2\/product\/1329","targetHints":{"allow":["GET"]}}],"collection":[{"href":"https:\/\/envasesyempaqueselixir.com\/index.php\/wp-json\/wp\/v2\/product"}],"about":[{"href":"https:\/\/envasesyempaqueselixir.com\/index.php\/wp-json\/wp\/v2\/types\/product"}],"replies":[{"embeddable":true,"href":"https:\/\/envasesyempaqueselixir.com\/index.php\/wp-json\/wp\/v2\/comments?post=1329"}],"wp:featuredmedia":[{"embeddable":true,"href":"https:\/\/envasesyempaqueselixir.com\/index.php\/wp-json\/wp\/v2\/media\/1165"}],"wp:attachment":[{"href":"https:\/\/envasesyempaqueselixir.com\/index.php\/wp-json\/wp\/v2\/media?parent=1329"}],"wp:term":[{"taxonomy":"product_brand","embeddable":true,"href":"https:\/\/envasesyempaqueselixir.com\/index.php\/wp-json\/wp\/v2\/product_brand?post=1329"},{"taxonomy":"product_cat","embeddable":true,"href":"https:\/\/envasesyempaqueselixir.com\/index.php\/wp-json\/wp\/v2\/product_cat?post=1329"},{"taxonomy":"product_tag","embeddable":true,"href":"https:\/\/envasesyempaqueselixir.com\/index.php\/wp-json\/wp\/v2\/product_tag?post=1329"}],"curies":[{"name":"wp","href":"https:\/\/api.w.org\/{rel}","templated":true}]}}