{"id":1264,"date":"2024-04-05T00:16:35","date_gmt":"2024-04-05T00:16:35","guid":{"rendered":"https:\/\/envasesyempaqueselixir.com\/?post_type=product&#038;p=1264"},"modified":"2026-04-09T13:30:50","modified_gmt":"2026-04-09T13:30:50","slug":"bolsa-para-cafe-tipo-doypack-1000-unidades","status":"publish","type":"product","link":"https:\/\/envasesyempaqueselixir.com\/index.php\/producto\/bolsa-para-cafe-tipo-doypack-1000-unidades\/","title":{"rendered":"Bolsa para caf\u00e9 tipo doypack &#8211; Kraft org\u00e1nico natural (1,000 unidades)"},"content":{"rendered":"<p><b>Bolsas para caf\u00e9 tipo doypack<\/b><\/p>\n<p>Espesor: 280 micrones (ambas caras)<\/p>\n<p>Estructura de la bolsa: Papel Kraft + VMPET + PE<\/p>\n<p>Con cierre lateral resellable. Conserva el aroma y frescura del caf\u00e9<\/p>\n<p>Marca abre f\u00e1cil<\/p>\n<table style=\"height: 284px;\" width=\"651\">\n<tbody>\n<tr>\n<td colspan=\"6\" width=\"480\"><b>S\u00f3lo bolsa<\/b><\/td>\n<\/tr>\n<tr>\n<td width=\"80\"><b>Tama\u00f1o (Ancho x Alto + base)<\/b><\/td>\n<td width=\"80\"><b>Color<\/b><\/td>\n<td width=\"80\"><b>Capacidad (gr) (*)<\/b><\/td>\n<td width=\"80\"><b>\u00a0Precio por 100 Unidades <\/b><\/td>\n<td width=\"80\"><b>Precio por 500 unidades<\/b><\/td>\n<td width=\"80\"><b>Precio por 1,00 unidades<\/b><\/td>\n<\/tr>\n<tr>\n<td width=\"80\">15&#215;23+5 cm<\/td>\n<td width=\"80\">Kraft<\/td>\n<td width=\"80\">250<\/td>\n<td width=\"80\">\u00a0\u00a0\u00a0\u00a0\u00a0\u00a0\u00a0\u00a0\u00a0\u00a0\u00a0\u00a0 83,00<\/td>\n<td width=\"80\">\u00a0\u00a0\u00a0\u00a0\u00a0\u00a0\u00a0\u00a0\u00a0\u00a0 375,00<\/td>\n<td width=\"80\">\u00a0\u00a0\u00a0\u00a0\u00a0\u00a0\u00a0\u00a0\u00a0\u00a0 750,00<\/td>\n<\/tr>\n<\/tbody>\n<\/table>\n<p>&nbsp;<\/p>\n<table style=\"height: 256px;\" width=\"661\">\n<tbody>\n<tr>\n<td colspan=\"6\" width=\"480\"><b>Con v\u00e1lvula<\/b><\/td>\n<\/tr>\n<tr>\n<td width=\"80\"><b>Tama\u00f1o (Ancho x Alto + base)<\/b><\/td>\n<td width=\"80\"><b>Color<\/b><\/td>\n<td width=\"80\"><b>Capacidad (gr) (*)<\/b><\/td>\n<td width=\"80\"><b>\u00a0Precio por 100 Unidades <\/b><\/td>\n<td width=\"80\"><b>Precio por 500 unidades<\/b><\/td>\n<td width=\"80\"><b>Precio por 1,000 unidades<\/b><\/td>\n<\/tr>\n<tr>\n<td width=\"80\">15&#215;23+5 cm<\/td>\n<td width=\"80\">Kraft<\/td>\n<td width=\"80\">250<\/td>\n<td width=\"80\">\u00a0\u00a0\u00a0\u00a0\u00a0\u00a0\u00a0\u00a0\u00a0\u00a0 118,00<\/td>\n<td width=\"80\">\u00a0\u00a0\u00a0\u00a0\u00a0\u00a0\u00a0\u00a0\u00a0\u00a0 550,00<\/td>\n<td width=\"80\">\u00a0\u00a0\u00a0\u00a0\u00a0\u00a0\u00a0 1.100,00<\/td>\n<\/tr>\n<\/tbody>\n<\/table>\n<p>&nbsp;<\/p>\n<p>(*) Los pesos se han calculado en base a granos de caf\u00e9 molido.<\/p>\n<p>Precios en soles, incluyen IGV.<\/p>\n<p>&nbsp;<\/p>\n","protected":false},"excerpt":{"rendered":"<p>Bolsas para caf\u00e9 tipo doypack Espesor: 280 micrones (ambas caras) Estructura de la bolsa: Papel Kraft + VMPET + PE Con cierre lateral resellable. Conserva el aroma y frescura del caf\u00e9 Marca abre f\u00e1cil S\u00f3lo bolsa Tama\u00f1o (Ancho x Alto + base) Color Capacidad (gr) (*) \u00a0Precio por 100 Unidades Precio por 500 unidades Precio [&hellip;]<\/p>\n","protected":false},"featured_media":1384,"comment_status":"open","ping_status":"closed","template":"","meta":{"om_disable_all_campaigns":false,"_monsterinsights_skip_tracking":false,"_monsterinsights_sitenote_active":false,"_monsterinsights_sitenote_note":"","_monsterinsights_sitenote_category":0,"_uf_show_specific_survey":0,"_uf_disable_surveys":false},"product_brand":[],"product_cat":[72,129,78],"product_tag":[],"class_list":{"0":"post-1264","1":"product","2":"type-product","3":"status-publish","4":"has-post-thumbnail","6":"product_cat-bolsa-aluminizadas","7":"product_cat-bolsas-para-cafe","8":"product_cat-envases","10":"first","11":"instock","12":"shipping-taxable","13":"product-type-variable"},"aioseo_notices":[],"_links":{"self":[{"href":"https:\/\/envasesyempaqueselixir.com\/index.php\/wp-json\/wp\/v2\/product\/1264","targetHints":{"allow":["GET"]}}],"collection":[{"href":"https:\/\/envasesyempaqueselixir.com\/index.php\/wp-json\/wp\/v2\/product"}],"about":[{"href":"https:\/\/envasesyempaqueselixir.com\/index.php\/wp-json\/wp\/v2\/types\/product"}],"replies":[{"embeddable":true,"href":"https:\/\/envasesyempaqueselixir.com\/index.php\/wp-json\/wp\/v2\/comments?post=1264"}],"wp:featuredmedia":[{"embeddable":true,"href":"https:\/\/envasesyempaqueselixir.com\/index.php\/wp-json\/wp\/v2\/media\/1384"}],"wp:attachment":[{"href":"https:\/\/envasesyempaqueselixir.com\/index.php\/wp-json\/wp\/v2\/media?parent=1264"}],"wp:term":[{"taxonomy":"product_brand","embeddable":true,"href":"https:\/\/envasesyempaqueselixir.com\/index.php\/wp-json\/wp\/v2\/product_brand?post=1264"},{"taxonomy":"product_cat","embeddable":true,"href":"https:\/\/envasesyempaqueselixir.com\/index.php\/wp-json\/wp\/v2\/product_cat?post=1264"},{"taxonomy":"product_tag","embeddable":true,"href":"https:\/\/envasesyempaqueselixir.com\/index.php\/wp-json\/wp\/v2\/product_tag?post=1264"}],"curies":[{"name":"wp","href":"https:\/\/api.w.org\/{rel}","templated":true}]}}