{"id":1227,"date":"2024-04-09T22:46:44","date_gmt":"2024-04-09T22:46:44","guid":{"rendered":"https:\/\/envasesyempaqueselixir.com\/?post_type=product&#038;p=1227"},"modified":"2026-04-23T21:20:54","modified_gmt":"2026-04-23T21:20:54","slug":"bolsas-para-sellado-al-vacio-lisa-100-unidades","status":"publish","type":"product","link":"https:\/\/envasesyempaqueselixir.com\/index.php\/producto\/bolsas-para-sellado-al-vacio-lisa-100-unidades\/","title":{"rendered":"Bolsas para sellado al vac\u00edo lisa  (100 unidades)"},"content":{"rendered":"<h3>Bolsas para sellado al vac\u00edo lisa<\/h3>\n<p>Espesor: 160 micrones<\/p>\n<p>Estructura de la bolsa: PET+PE<\/p>\n<p>Marca abre f\u00e1cil<\/p>\n<table style=\"height: 535px;\" width=\"634\">\n<tbody>\n<tr>\n<td width=\"80\">Tama\u00f1o (Ancho x Alto + base)<\/td>\n<td width=\"49\">Capacidad (mL) (*)<\/td>\n<td width=\"80\">Precio por 100 Unidades<\/td>\n<td width=\"80\">\u00a0Precio por 500 unidades<\/td>\n<td width=\"80\">Precio por 1,000 unidades<\/td>\n<\/tr>\n<tr>\n<td width=\"80\">7&#215;10 cm<\/td>\n<td width=\"49\">25<\/td>\n<td width=\"80\">7.00<\/td>\n<td width=\"80\">31.50<\/td>\n<td width=\"80\">63.00<\/td>\n<\/tr>\n<tr>\n<td width=\"80\">9&#215;13 cm<\/td>\n<td width=\"49\">75<\/td>\n<td width=\"80\">11.00<\/td>\n<td width=\"80\">45.50<\/td>\n<td width=\"80\">91.00<\/td>\n<\/tr>\n<tr>\n<td width=\"80\">10&#215;15 cm<\/td>\n<td width=\"49\">200<\/td>\n<td width=\"80\">14.00<\/td>\n<td width=\"80\">60.00<\/td>\n<td width=\"80\">120.00<\/td>\n<\/tr>\n<tr>\n<td width=\"80\">12&#215;17 cm<\/td>\n<td width=\"49\">250<\/td>\n<td width=\"80\">17.00<\/td>\n<td width=\"80\">75.50<\/td>\n<td width=\"80\">151.00<\/td>\n<\/tr>\n<tr>\n<td width=\"80\">16&#215;24 cm<\/td>\n<td width=\"49\">700<\/td>\n<td width=\"80\">28.00<\/td>\n<td width=\"80\">125.00<\/td>\n<td width=\"80\">250.00<\/td>\n<\/tr>\n<tr>\n<td width=\"80\">18&#215;26 cm<\/td>\n<td width=\"49\">1000<\/td>\n<td width=\"80\">35.00<\/td>\n<td width=\"80\">155.00<\/td>\n<td width=\"80\">310.00<\/td>\n<\/tr>\n<tr>\n<td width=\"80\">20&#215;30 cm<\/td>\n<td width=\"49\">1200<\/td>\n<td width=\"80\">39.00<\/td>\n<td width=\"80\">175.00<\/td>\n<td width=\"80\">350.00<\/td>\n<\/tr>\n<tr>\n<td width=\"80\">22&#215;32 cm<\/td>\n<td width=\"49\">1250<\/td>\n<td width=\"80\">44.00<\/td>\n<td width=\"80\">199.50<\/td>\n<td width=\"80\">399.00<\/td>\n<\/tr>\n<tr>\n<td width=\"80\">25&#215;35 cm<\/td>\n<td width=\"49\">1900<\/td>\n<td width=\"80\">53.00<\/td>\n<td width=\"80\">239.50<\/td>\n<td width=\"80\">479.00<\/td>\n<\/tr>\n<tr>\n<td width=\"80\">30&#215;40 cm<\/td>\n<td width=\"49\">2800<\/td>\n<td width=\"80\">61.00<\/td>\n<td width=\"80\">275.00<\/td>\n<td width=\"80\">550.00<\/td>\n<\/tr>\n<\/tbody>\n<\/table>\n<div dir=\"auto\">(*) Los pesos se han calculado en base a granos de caf\u00e9 molido.<\/div>\n<div dir=\"auto\">Los precios incluyen IGV.<\/div>\n<div dir=\"auto\"><\/div>\n<p><strong>Pol\u00edtica de venta de empaques para alimentos:<\/strong> Por ser las bolsas un producto para uso en alimentos; y, para garantizar su inocuidad, no hay cambios ni devoluciones en estos productos. Por lo tanto, por favor, aseg\u00farese de que est\u00e1 adquiriendo el producto correcto. Agradecemos su comprensi\u00f3n.<\/p>\n","protected":false},"excerpt":{"rendered":"<p>Espesor: 160 micrones<br \/>\nEstructura de la bolsa: PET+PE<br \/>\nMarca abre f\u00e1cil<\/p>\n<p><strong>(*) Los pesos se han calculado en base a granos de caf\u00e9 molido.<\/strong><\/p>\n<p>Precios en soles, incluyen IGV.<\/p>\n<p>&nbsp;<\/p>\n","protected":false},"featured_media":1228,"comment_status":"open","ping_status":"closed","template":"","meta":{"om_disable_all_campaigns":false,"_monsterinsights_skip_tracking":false,"_monsterinsights_sitenote_active":false,"_monsterinsights_sitenote_note":"","_monsterinsights_sitenote_category":0,"_uf_show_specific_survey":0,"_uf_disable_surveys":false},"product_brand":[],"product_cat":[108,71,78],"product_tag":[],"class_list":{"0":"post-1227","1":"product","2":"type-product","3":"status-publish","4":"has-post-thumbnail","6":"product_cat-bolsas-para-envasado-al-vacio","7":"product_cat-bolsas-sin-base","8":"product_cat-envases","10":"first","11":"instock","12":"shipping-taxable","13":"purchasable","14":"product-type-variable"},"aioseo_notices":[],"_links":{"self":[{"href":"https:\/\/envasesyempaqueselixir.com\/index.php\/wp-json\/wp\/v2\/product\/1227","targetHints":{"allow":["GET"]}}],"collection":[{"href":"https:\/\/envasesyempaqueselixir.com\/index.php\/wp-json\/wp\/v2\/product"}],"about":[{"href":"https:\/\/envasesyempaqueselixir.com\/index.php\/wp-json\/wp\/v2\/types\/product"}],"replies":[{"embeddable":true,"href":"https:\/\/envasesyempaqueselixir.com\/index.php\/wp-json\/wp\/v2\/comments?post=1227"}],"wp:featuredmedia":[{"embeddable":true,"href":"https:\/\/envasesyempaqueselixir.com\/index.php\/wp-json\/wp\/v2\/media\/1228"}],"wp:attachment":[{"href":"https:\/\/envasesyempaqueselixir.com\/index.php\/wp-json\/wp\/v2\/media?parent=1227"}],"wp:term":[{"taxonomy":"product_brand","embeddable":true,"href":"https:\/\/envasesyempaqueselixir.com\/index.php\/wp-json\/wp\/v2\/product_brand?post=1227"},{"taxonomy":"product_cat","embeddable":true,"href":"https:\/\/envasesyempaqueselixir.com\/index.php\/wp-json\/wp\/v2\/product_cat?post=1227"},{"taxonomy":"product_tag","embeddable":true,"href":"https:\/\/envasesyempaqueselixir.com\/index.php\/wp-json\/wp\/v2\/product_tag?post=1227"}],"curies":[{"name":"wp","href":"https:\/\/api.w.org\/{rel}","templated":true}]}}