{"id":847,"date":"2022-08-07T00:47:32","date_gmt":"2022-08-07T00:47:32","guid":{"rendered":"https:\/\/envasesyempaqueselixir.com\/?page_id=847"},"modified":"2022-08-07T00:56:59","modified_gmt":"2022-08-07T00:56:59","slug":"bolsa-de-papel-kraft-sin-base","status":"publish","type":"page","link":"https:\/\/envasesyempaqueselixir.com\/index.php\/bolsa-de-papel-kraft-sin-base\/","title":{"rendered":"Bolsa de papel kraft natural sin base"},"content":{"rendered":"\n<h2 class=\"wp-block-heading\">Bolsa de papel kraft natural trilaminadas con ventana rectangular transparente sin base<\/h2>\n\n\n\n<div style=\"height:45px\" aria-hidden=\"true\" class=\"wp-block-spacer\"><\/div>\n\n\n\n<p style=\"font-size:18px\">Nuestro envase ecol\u00f3gico m\u00e1s ec\u00f3nomico es la bolsa de papel kraft natural trilaminada con ventana rectangular transparente. Este envase tiene 3 sellos, es decir, no tiene base. Su acabado exterior es papel kraft color natural y esta laminado internamente por una capa de PET y una capa de PP. Su espesor de es 280 micras (140 micras por cada lado) y cuenta con cierre resellable y marca abre f\u00e1cil. Este envase es ideal para granos y cereales ya que la capa de PP brinda una barrera moderada a la humedad. Y al no contar con base, puede usarse para el envasado de barras de chocolate o barras energ\u00e9ticas<\/p>\n\n\n\n<div style=\"height:45px\" aria-hidden=\"true\" class=\"wp-block-spacer\"><\/div>\n\n\n<div data-block-name=\"woocommerce\/handpicked-products\" data-products=\"[397,398]\" class=\"wc-block-grid wp-block-handpicked-products wp-block-woocommerce-handpicked-products wc-block-handpicked-products has-3-columns has-multiple-rows\"><ul class=\"wc-block-grid__products\"><li class=\"wc-block-grid__product\">\n\t\t\t\t<a href=\"https:\/\/envasesyempaqueselixir.com\/index.php\/producto\/bolsa-kraft-natural-trilaminadas-con-ventana-sin-base-1000-unidades\/\" class=\"wc-block-grid__product-link\">\n\t\t\t\t\t\n\t\t\t\t\t<div class=\"wc-block-grid__product-image\"><img fetchpriority=\"high\" decoding=\"async\" width=\"300\" height=\"300\" src=\"https:\/\/envasesyempaqueselixir.com\/wp-content\/uploads\/2022\/05\/9287230831_1118145657-300x300.jpg\" class=\"attachment-woocommerce_thumbnail size-woocommerce_thumbnail\" alt=\"Bolsa kraft natural trilaminadas con ventana sin base (1,000 unidades)\" srcset=\"https:\/\/envasesyempaqueselixir.com\/wp-content\/uploads\/2022\/05\/9287230831_1118145657-300x300.jpg 300w, https:\/\/envasesyempaqueselixir.com\/wp-content\/uploads\/2022\/05\/9287230831_1118145657-150x150.jpg 150w, https:\/\/envasesyempaqueselixir.com\/wp-content\/uploads\/2022\/05\/9287230831_1118145657-768x768.jpg 768w, https:\/\/envasesyempaqueselixir.com\/wp-content\/uploads\/2022\/05\/9287230831_1118145657-600x600.jpg 600w, https:\/\/envasesyempaqueselixir.com\/wp-content\/uploads\/2022\/05\/9287230831_1118145657-100x100.jpg 100w, https:\/\/envasesyempaqueselixir.com\/wp-content\/uploads\/2022\/05\/9287230831_1118145657.jpg 800w\" sizes=\"(max-width: 300px) 100vw, 300px\" \/><\/div>\n\t\t\t\t\t<div class=\"wc-block-grid__product-title\">Bolsa kraft natural trilaminadas con ventana sin base (1,000 unidades)<\/div>\n\t\t\t\t<\/a>\n\t\t\t\t<div class=\"wc-block-grid__product-price price\"><span class=\"woocommerce-Price-amount amount\" aria-hidden=\"true\"><span class=\"woocommerce-Price-currencySymbol\">S\/<\/span>&nbsp;140.00<\/span> <span aria-hidden=\"true\">&#8211;<\/span> <span class=\"woocommerce-Price-amount amount\" aria-hidden=\"true\"><span class=\"woocommerce-Price-currencySymbol\">S\/<\/span>&nbsp;200.00<\/span><span class=\"screen-reader-text\">Rango de precios: desde S\/&nbsp;140.00 hasta S\/&nbsp;200.00<\/span><\/div>\n\t\t\t\t\n\t\t\t\t<div class=\"wp-block-button wc-block-grid__product-add-to-cart\"><a href=\"https:\/\/envasesyempaqueselixir.com\/index.php\/producto\/bolsa-kraft-natural-trilaminadas-con-ventana-sin-base-1000-unidades\/\" aria-label=\"Elige las opciones para &ldquo;Bolsa kraft natural trilaminadas con ventana sin base (1,000 unidades)&rdquo;\" data-quantity=\"1\" data-product_id=\"398\" data-product_sku=\"\" data-price=\"140\" rel=\"nofollow\" class=\"wp-block-button__link  add_to_cart_button\">Seleccionar opciones<\/a><\/div>\n\t\t\t<\/li><li class=\"wc-block-grid__product\">\n\t\t\t\t<a href=\"https:\/\/envasesyempaqueselixir.com\/index.php\/producto\/bolsa-kraft-natural-trilaminadas-con-ventana-sin-base-100-unidades\/\" class=\"wc-block-grid__product-link\">\n\t\t\t\t\t\n\t\t\t\t\t<div class=\"wc-block-grid__product-image\"><img decoding=\"async\" width=\"300\" height=\"300\" src=\"https:\/\/envasesyempaqueselixir.com\/wp-content\/uploads\/2022\/05\/9287230831_1118145657-300x300.jpg\" class=\"attachment-woocommerce_thumbnail size-woocommerce_thumbnail\" alt=\"Bolsa kraft natural trilaminadas con ventana sin base (100 unidades)\" srcset=\"https:\/\/envasesyempaqueselixir.com\/wp-content\/uploads\/2022\/05\/9287230831_1118145657-300x300.jpg 300w, https:\/\/envasesyempaqueselixir.com\/wp-content\/uploads\/2022\/05\/9287230831_1118145657-150x150.jpg 150w, https:\/\/envasesyempaqueselixir.com\/wp-content\/uploads\/2022\/05\/9287230831_1118145657-768x768.jpg 768w, https:\/\/envasesyempaqueselixir.com\/wp-content\/uploads\/2022\/05\/9287230831_1118145657-600x600.jpg 600w, https:\/\/envasesyempaqueselixir.com\/wp-content\/uploads\/2022\/05\/9287230831_1118145657-100x100.jpg 100w, https:\/\/envasesyempaqueselixir.com\/wp-content\/uploads\/2022\/05\/9287230831_1118145657.jpg 800w\" sizes=\"(max-width: 300px) 100vw, 300px\" \/><\/div>\n\t\t\t\t\t<div class=\"wc-block-grid__product-title\">Bolsa kraft natural trilaminadas con ventana sin base (100 unidades)<\/div>\n\t\t\t\t<\/a>\n\t\t\t\t<div class=\"wc-block-grid__product-price price\"><span class=\"woocommerce-Price-amount amount\" aria-hidden=\"true\"><span class=\"woocommerce-Price-currencySymbol\">S\/<\/span>&nbsp;16.00<\/span> <span aria-hidden=\"true\">&#8211;<\/span> <span class=\"woocommerce-Price-amount amount\" aria-hidden=\"true\"><span class=\"woocommerce-Price-currencySymbol\">S\/<\/span>&nbsp;22.00<\/span><span class=\"screen-reader-text\">Rango de precios: desde S\/&nbsp;16.00 hasta S\/&nbsp;22.00<\/span><\/div>\n\t\t\t\t\n\t\t\t\t<div class=\"wp-block-button wc-block-grid__product-add-to-cart\"><a href=\"https:\/\/envasesyempaqueselixir.com\/index.php\/producto\/bolsa-kraft-natural-trilaminadas-con-ventana-sin-base-100-unidades\/\" aria-label=\"Elige las opciones para &ldquo;Bolsa kraft natural trilaminadas con ventana sin base (100 unidades)&rdquo;\" data-quantity=\"1\" data-product_id=\"397\" data-product_sku=\"\" data-price=\"16\" rel=\"nofollow\" class=\"wp-block-button__link  add_to_cart_button\">Seleccionar opciones<\/a><\/div>\n\t\t\t<\/li><\/ul><\/div>","protected":false},"excerpt":{"rendered":"<p>Bolsa de papel kraft natural trilaminadas con ventana rectangular transparente sin base Nuestro envase ecol\u00f3gico m\u00e1s ec\u00f3nomico es la bolsa de papel kraft natural trilaminada con ventana rectangular transparente. Este envase tiene 3 sellos, es decir, no tiene base. Su acabado exterior es papel kraft color natural y esta laminado internamente por una capa de [&hellip;]<\/p>\n","protected":false},"author":1,"featured_media":0,"parent":0,"menu_order":0,"comment_status":"closed","ping_status":"closed","template":"elementor_theme","meta":{"om_disable_all_campaigns":false,"_monsterinsights_skip_tracking":false,"_monsterinsights_sitenote_active":false,"_monsterinsights_sitenote_note":"","_monsterinsights_sitenote_category":0,"_uf_show_specific_survey":0,"_uf_disable_surveys":false,"footnotes":""},"class_list":["post-847","page","type-page","status-publish","hentry"],"aioseo_notices":[],"_links":{"self":[{"href":"https:\/\/envasesyempaqueselixir.com\/index.php\/wp-json\/wp\/v2\/pages\/847","targetHints":{"allow":["GET"]}}],"collection":[{"href":"https:\/\/envasesyempaqueselixir.com\/index.php\/wp-json\/wp\/v2\/pages"}],"about":[{"href":"https:\/\/envasesyempaqueselixir.com\/index.php\/wp-json\/wp\/v2\/types\/page"}],"author":[{"embeddable":true,"href":"https:\/\/envasesyempaqueselixir.com\/index.php\/wp-json\/wp\/v2\/users\/1"}],"replies":[{"embeddable":true,"href":"https:\/\/envasesyempaqueselixir.com\/index.php\/wp-json\/wp\/v2\/comments?post=847"}],"version-history":[{"count":6,"href":"https:\/\/envasesyempaqueselixir.com\/index.php\/wp-json\/wp\/v2\/pages\/847\/revisions"}],"predecessor-version":[{"id":856,"href":"https:\/\/envasesyempaqueselixir.com\/index.php\/wp-json\/wp\/v2\/pages\/847\/revisions\/856"}],"wp:attachment":[{"href":"https:\/\/envasesyempaqueselixir.com\/index.php\/wp-json\/wp\/v2\/media?parent=847"}],"curies":[{"name":"wp","href":"https:\/\/api.w.org\/{rel}","templated":true}]}}