{"id":839,"date":"2022-08-07T00:24:40","date_gmt":"2022-08-07T00:24:40","guid":{"rendered":"https:\/\/envasesyempaqueselixir.com\/?page_id=839"},"modified":"2022-08-07T00:41:21","modified_gmt":"2022-08-07T00:41:21","slug":"selladoras-2","status":"publish","type":"page","link":"https:\/\/envasesyempaqueselixir.com\/index.php\/selladoras-2\/","title":{"rendered":"Selladoras"},"content":{"rendered":"\n<h2 class=\"wp-block-heading\"><strong>Selladoras <\/strong><\/h2>\n\n\n\n<p>Contamos con una variedad de selladoras para bolsas con l\u00e1mina de polietileno y polipropileno. Tenemos selladoras de mano y de pedal con tecnolog\u00eda innovadora de pulso electromagn\u00e9tico. Adicionalmente, contamos con selladoras de usos especiales como sellado al vac\u00edo y selladora de vasos de polipropileno. <\/p>\n\n\n\n<h3 class=\"wp-block-heading\">Selladora de mano por impulsi\u00f3n <\/h3>\n\n\n\n\n\n<h3 class=\"wp-block-heading\">Selladoras a pedal por impulsi\u00f3n <\/h3>\n\n\n\n\n\n<h3 class=\"wp-block-heading\">Selladoras de vac\u00edo <\/h3>\n\n\n\n\n\n<h3 class=\"wp-block-heading\">Selladoras de vasos<\/h3>\n\n\n","protected":false},"excerpt":{"rendered":"<p>Selladoras Contamos con una variedad de selladoras para bolsas con l\u00e1mina de polietileno y polipropileno. Tenemos selladoras de mano y de pedal con tecnolog\u00eda innovadora de pulso electromagn\u00e9tico. Adicionalmente, contamos con selladoras de usos especiales como sellado al vac\u00edo y selladora de vasos de polipropileno. Selladora de mano por impulsi\u00f3n Selladoras a pedal por impulsi\u00f3n [&hellip;]<\/p>\n","protected":false},"author":1,"featured_media":0,"parent":0,"menu_order":0,"comment_status":"closed","ping_status":"closed","template":"","meta":{"om_disable_all_campaigns":false,"_monsterinsights_skip_tracking":false,"_monsterinsights_sitenote_active":false,"_monsterinsights_sitenote_note":"","_monsterinsights_sitenote_category":0,"_uf_show_specific_survey":0,"_uf_disable_surveys":false,"footnotes":""},"class_list":["post-839","page","type-page","status-publish","hentry"],"aioseo_notices":[],"_links":{"self":[{"href":"https:\/\/envasesyempaqueselixir.com\/index.php\/wp-json\/wp\/v2\/pages\/839","targetHints":{"allow":["GET"]}}],"collection":[{"href":"https:\/\/envasesyempaqueselixir.com\/index.php\/wp-json\/wp\/v2\/pages"}],"about":[{"href":"https:\/\/envasesyempaqueselixir.com\/index.php\/wp-json\/wp\/v2\/types\/page"}],"author":[{"embeddable":true,"href":"https:\/\/envasesyempaqueselixir.com\/index.php\/wp-json\/wp\/v2\/users\/1"}],"replies":[{"embeddable":true,"href":"https:\/\/envasesyempaqueselixir.com\/index.php\/wp-json\/wp\/v2\/comments?post=839"}],"version-history":[{"count":2,"href":"https:\/\/envasesyempaqueselixir.com\/index.php\/wp-json\/wp\/v2\/pages\/839\/revisions"}],"predecessor-version":[{"id":843,"href":"https:\/\/envasesyempaqueselixir.com\/index.php\/wp-json\/wp\/v2\/pages\/839\/revisions\/843"}],"wp:attachment":[{"href":"https:\/\/envasesyempaqueselixir.com\/index.php\/wp-json\/wp\/v2\/media?parent=839"}],"curies":[{"name":"wp","href":"https:\/\/api.w.org\/{rel}","templated":true}]}}