{"id":731,"date":"2022-07-01T00:01:42","date_gmt":"2022-07-01T00:01:42","guid":{"rendered":"https:\/\/envasesyempaqueselixir.com\/?page_id=731"},"modified":"2022-08-07T23:17:23","modified_gmt":"2022-08-07T23:17:23","slug":"bolsas-doypack-ecologicas-de-papel-kraft-laminado","status":"publish","type":"page","link":"https:\/\/envasesyempaqueselixir.com\/index.php\/bolsas-doypack-ecologicas-de-papel-kraft-laminado\/","title":{"rendered":"Bolsas Doypack Ecol\u00f3gicas De Papel Kraft Laminado"},"content":{"rendered":"\n<p class=\"has-black-color has-text-color\" style=\"font-size:18px\">Contamos con una gran variedad de envases tipo bolsas doypack ecol\u00f3gicas de papel kraft laminado para la protecci\u00f3n y envasado de sus productos. <\/p>\n\n\n\n<p style=\"font-size:18px\">Nuestros envases de papel kraft se encuentran laminados con PET (Tereftalato de polietileno) y\/o PP (Polipropileno) materiales que brindan propiedades de barrera a nuestras bolsas.  <\/p>\n\n\n\n<p style=\"font-size:18px\">A continuaci\u00f3n le contamos en breve las propiedades que confieren estos materiales a nuestras bolsas: <\/p>\n\n\n\n<p style=\"font-size:18px\">Papel Kraft: Resistencia y acabado natural, ecol\u00f3gica.<\/p>\n\n\n\n<p style=\"font-size:18px\">PET: Barrera antigrasa y antigases.<\/p>\n\n\n\n<p style=\"font-size:18px\">CPP: Barrera antihumedad.<\/p>\n\n\n\n<p style=\"font-size:18px\">PET y CPP: Alta resistencia a los desgarros y punzonado.<\/p>\n\n\n\n<p style=\"font-size:18px\">Ahora, te ayudaremos a elegir el mejor envase para tu productos. Nuestro envase ecol\u00f3gico m\u00e1s ec\u00f3nomico es la bolsa de papel kraft natural trilaminada con ventana rectangular transparente. Este envase tiene 3 sellos, es decir, no tiene base. Su acabado exterior es papel kraft color natural y esta laminado internamente por una capa de PET y una capa de PP. Su espesor de es 280 micras (140 micras por cada lado) y cuenta con cierre resellable y marca abre f\u00e1cil. Este envase es ideal para granos y cereales ya que la capa de PP brinda una barrera moderada a la humedad. Y al no contar con base, puede usarse para el envasado de barras de chocolate o barras energ\u00e9ticas. En la imagen puede encontrar los tama\u00f1os que tenemos disponibles. <\/p>\n\n\n\n<div class=\"wp-block-columns are-vertically-aligned-center is-layout-flex wp-container-core-columns-is-layout-9d6595d7 wp-block-columns-is-layout-flex\">\n<div class=\"wp-block-column is-vertically-aligned-center is-layout-flow wp-block-column-is-layout-flow\" style=\"flex-basis:100%\">\n<figure class=\"wp-block-image size-full\"><a href=\"https:\/\/envasesyempaqueselixir.com\/index.php\/producto\/bolsa-kraft-natural-trilaminadas-con-ventana-sin-base-100-unidades\/\"><img fetchpriority=\"high\" decoding=\"async\" width=\"960\" height=\"720\" src=\"https:\/\/envasesyempaqueselixir.com\/wp-content\/uploads\/2022\/06\/Slide3.jpg\" alt=\"BOLSAS DOYPACK ECOL\u00d3GICAS DE PAPEL KRAFT\" class=\"wp-image-732\" srcset=\"https:\/\/envasesyempaqueselixir.com\/wp-content\/uploads\/2022\/06\/Slide3.jpg 960w, https:\/\/envasesyempaqueselixir.com\/wp-content\/uploads\/2022\/06\/Slide3-300x225.jpg 300w, https:\/\/envasesyempaqueselixir.com\/wp-content\/uploads\/2022\/06\/Slide3-768x576.jpg 768w, https:\/\/envasesyempaqueselixir.com\/wp-content\/uploads\/2022\/06\/Slide3-600x450.jpg 600w\" sizes=\"(max-width: 960px) 100vw, 960px\" \/><\/a><figcaption>Bolsa de papel kraft natural trilaminadas con  ventana rectangular transparente<\/figcaption><\/figure>\n<\/div>\n<\/div>\n\n\n\n<p style=\"font-size:18px\">El segundo producto, que le queremos compartir en nuestra bolsa doypack de papel kraft natural trilaminada con ventana rectangular transparente. Esta bolsa tiene acabado papel por fuera y una capa interna de PET y una capa interna de PP. Tiene un espesor de 280 micras (140 micras por lado) y es de color natural. Cuenta con una base o fuelle inferior que le permite mantenerse \u00abde pie\u00bb , ventana transparente, cierre resellable y marca abre f\u00e1cil. Esta bolsa es ideal para el envasado de granos, cereales, frutos secos y todo tipo de alimentos que requieran una protecci\u00f3n moderada a la humedad y al escape de aceites. Contamos con una variedad de tama\u00f1os detallados en la imagen de abajo. <\/p>\n\n\n\n<figure class=\"wp-block-image size-full\"><a href=\"https:\/\/envasesyempaqueselixir.com\/index.php\/producto\/bolsa-doypack-kraft-natural-trilaminadas-con-ventana-100-unidades\/\"><img decoding=\"async\" width=\"960\" height=\"720\" src=\"https:\/\/envasesyempaqueselixir.com\/wp-content\/uploads\/2022\/06\/Slide4.jpg\" alt=\"BOLSAS DOYPACK ECOL\u00d3GICAS DE PAPEL KRAFT\" class=\"wp-image-733\" srcset=\"https:\/\/envasesyempaqueselixir.com\/wp-content\/uploads\/2022\/06\/Slide4.jpg 960w, https:\/\/envasesyempaqueselixir.com\/wp-content\/uploads\/2022\/06\/Slide4-300x225.jpg 300w, https:\/\/envasesyempaqueselixir.com\/wp-content\/uploads\/2022\/06\/Slide4-768x576.jpg 768w, https:\/\/envasesyempaqueselixir.com\/wp-content\/uploads\/2022\/06\/Slide4-600x450.jpg 600w\" sizes=\"(max-width: 960px) 100vw, 960px\" \/><\/a><figcaption>Bolsa doypack de papel kraft natural trilaminadas  con ventana rectangular transparente.<\/figcaption><\/figure>\n\n\n\n<p style=\"font-size:18px\">A continuaci\u00f3n nos gustar\u00eda presentarle nuestra bolsa doypack de papel kraft acabado mate trilaminada con ventana rectangular transparente. Esta bolsa cuenta con un acabado premium ya que esta laminada con MOPP en la parte exterior, lo cual le da un acabado mate muy agradable a la vista del cliente y la hace resistente al desgaste. La capa intermedia es papel kraft y la  capa interior de CPP. El espesor de la bolsa es de 280 micras (140 micras cada lado); y, cuenta con una base o fuelle inferior que le permite mantenerse \u00abde pie\u00bb. Adicionalmente, cuenta con cierre resellable y marca abre f\u00e1cil. Estas bolsas cuentan con una buena protecci\u00f3n a la humedad y son ideales para el envasado de harinas, granos, confites y dulces, e incluso se puede usar para el envasado de productos refrigerados o congelados. Contamos con una gran variedad de modelos, para m\u00e1s detalle de los tama\u00f1os, ver la imagen de abajo. <\/p>\n\n\n\n<figure class=\"wp-block-image size-full\"><a href=\"https:\/\/envasesyempaqueselixir.com\/index.php\/producto\/bolsa-doypack-de-papel-kraft-acabado-mate-trilaminadas-con-ventana-rectangular-transparente-100-unidades\/\"><img decoding=\"async\" width=\"960\" height=\"720\" src=\"https:\/\/envasesyempaqueselixir.com\/wp-content\/uploads\/2022\/06\/Slide5.jpg\" alt=\"BOLSAS DOYPACK ECOL\u00d3GICAS DE PAPEL KRAFT\" class=\"wp-image-734\" srcset=\"https:\/\/envasesyempaqueselixir.com\/wp-content\/uploads\/2022\/06\/Slide5.jpg 960w, https:\/\/envasesyempaqueselixir.com\/wp-content\/uploads\/2022\/06\/Slide5-300x225.jpg 300w, https:\/\/envasesyempaqueselixir.com\/wp-content\/uploads\/2022\/06\/Slide5-768x576.jpg 768w, https:\/\/envasesyempaqueselixir.com\/wp-content\/uploads\/2022\/06\/Slide5-600x450.jpg 600w\" sizes=\"(max-width: 960px) 100vw, 960px\" \/><\/a><figcaption>Bolsa doypack de papel kraft acaBado mate  trilaminadas con ventana rectangular transparente<\/figcaption><\/figure>\n\n\n\n<p><\/p>\n\n\n\n<figure class=\"wp-block-image size-full\"><a href=\"https:\/\/envasesyempaqueselixir.com\/index.php\/producto\/bolsas-doypack-de-papel-kraft-natural-trilaminadas-con-base-plana-y-ventana-transparente-100-unid\/\"><img loading=\"lazy\" decoding=\"async\" width=\"960\" height=\"720\" src=\"https:\/\/envasesyempaqueselixir.com\/wp-content\/uploads\/2022\/06\/Slide9.jpg\" alt=\"BOLSAS DOYPACK ECOL\u00d3GICAS DE PAPEL KRAFT\" class=\"wp-image-735\" srcset=\"https:\/\/envasesyempaqueselixir.com\/wp-content\/uploads\/2022\/06\/Slide9.jpg 960w, https:\/\/envasesyempaqueselixir.com\/wp-content\/uploads\/2022\/06\/Slide9-300x225.jpg 300w, https:\/\/envasesyempaqueselixir.com\/wp-content\/uploads\/2022\/06\/Slide9-768x576.jpg 768w, https:\/\/envasesyempaqueselixir.com\/wp-content\/uploads\/2022\/06\/Slide9-600x450.jpg 600w\" sizes=\"(max-width: 960px) 100vw, 960px\" \/><\/a><figcaption>Bolsas doypack de papel kraft natural trilaminadas  con Base plana y ventana transparente<\/figcaption><\/figure>\n\n\n\n<p><\/p>\n","protected":false},"excerpt":{"rendered":"<p>Contamos con una gran variedad de envases tipo bolsas doypack ecol\u00f3gicas de papel kraft laminado para la protecci\u00f3n y envasado de sus productos. Nuestros envases de papel kraft se encuentran laminados con PET (Tereftalato de polietileno) y\/o PP (Polipropileno) materiales que brindan propiedades de barrera a nuestras bolsas. A continuaci\u00f3n le contamos en breve las [&hellip;]<\/p>\n","protected":false},"author":1,"featured_media":0,"parent":0,"menu_order":0,"comment_status":"closed","ping_status":"closed","template":"","meta":{"om_disable_all_campaigns":false,"_monsterinsights_skip_tracking":false,"_monsterinsights_sitenote_active":false,"_monsterinsights_sitenote_note":"","_monsterinsights_sitenote_category":0,"_uf_show_specific_survey":0,"_uf_disable_surveys":false,"footnotes":""},"class_list":["post-731","page","type-page","status-publish","hentry"],"aioseo_notices":[],"_links":{"self":[{"href":"https:\/\/envasesyempaqueselixir.com\/index.php\/wp-json\/wp\/v2\/pages\/731","targetHints":{"allow":["GET"]}}],"collection":[{"href":"https:\/\/envasesyempaqueselixir.com\/index.php\/wp-json\/wp\/v2\/pages"}],"about":[{"href":"https:\/\/envasesyempaqueselixir.com\/index.php\/wp-json\/wp\/v2\/types\/page"}],"author":[{"embeddable":true,"href":"https:\/\/envasesyempaqueselixir.com\/index.php\/wp-json\/wp\/v2\/users\/1"}],"replies":[{"embeddable":true,"href":"https:\/\/envasesyempaqueselixir.com\/index.php\/wp-json\/wp\/v2\/comments?post=731"}],"version-history":[{"count":26,"href":"https:\/\/envasesyempaqueselixir.com\/index.php\/wp-json\/wp\/v2\/pages\/731\/revisions"}],"predecessor-version":[{"id":863,"href":"https:\/\/envasesyempaqueselixir.com\/index.php\/wp-json\/wp\/v2\/pages\/731\/revisions\/863"}],"wp:attachment":[{"href":"https:\/\/envasesyempaqueselixir.com\/index.php\/wp-json\/wp\/v2\/media?parent=731"}],"curies":[{"name":"wp","href":"https:\/\/api.w.org\/{rel}","templated":true}]}}